{"id":1857,"date":"2017-12-06T08:39:14","date_gmt":"2017-12-06T08:39:14","guid":{"rendered":"http:\/\/kablonex.pl\/kontakt\/"},"modified":"2026-01-31T15:33:09","modified_gmt":"2026-01-31T14:33:09","slug":"kontakt","status":"publish","type":"page","link":"https:\/\/kablonex.pl\/en\/kontakt\/","title":{"rendered":"Contact"},"content":{"rendered":"<p>[et_pb_section fb_built=&#8221;1&#8243; fullwidth=&#8221;on&#8221; _builder_version=&#8221;4.16&#8243; background_image=&#8221;https:\/\/kablonex.pl\/wp-content\/uploads\/2022\/02\/telephone-g36d7dd9aa_1920.jpg&#8221; global_colors_info=&#8221;{}&#8221;][et_pb_fullwidth_post_title meta=&#8221;off&#8221; text_color=&#8221;light&#8221; _builder_version=&#8221;4.16&#8243; max_width=&#8221;100%&#8221; custom_padding=&#8221;192px|||||&#8221; text_shadow_style=&#8221;preset3&#8243; global_colors_info=&#8221;{}&#8221;][\/et_pb_fullwidth_post_title][\/et_pb_section][et_pb_section fb_built=&#8221;1&#8243; admin_label=&#8221;section&#8221; _builder_version=&#8221;4.16&#8243; global_colors_info=&#8221;{}&#8221;][et_pb_row column_structure=&#8221;1_3,1_3,1_3&#8243; _builder_version=&#8221;4.16&#8243; custom_padding=&#8221;||27px|||&#8221; global_colors_info=&#8221;{}&#8221;][et_pb_column type=&#8221;1_3&#8243; _builder_version=&#8221;4.16&#8243; global_colors_info=&#8221;{}&#8221;][et_pb_text _builder_version=&#8221;4.20.2&#8243; global_colors_info=&#8221;{}&#8221;]<\/p>\n<p><strong>KABLONEX Sp\u00f3\u0142ka z ograniczon\u0105 odpowiedzialno\u015bci\u0105 <\/strong><br \/><span>(dawniej Kablonex Nawroccy Sp\u00f3\u0142ka Jawna)<\/span><br \/><span>Adres: Podanin 76, 64-800 Chodzie\u017c<\/span><br \/><span>NIP: 607-008-47-90<\/span><\/p>\n<p>[\/et_pb_text][\/et_pb_column][et_pb_column type=&#8221;1_3&#8243; _builder_version=&#8221;4.16&#8243; global_colors_info=&#8221;{}&#8221;][et_pb_text _builder_version=&#8221;4.16&#8243; custom_margin=&#8221;|||20%|false|false&#8221; global_colors_info=&#8221;{}&#8221;]<\/p>\n<p><span style=\"text-decoration: underline;\"><strong>Secretariat<\/strong><\/span><\/p>\n<p>tel. (+48) 67 281 11 51<br \/>fax (+48) 67 281 11 52<br \/>sekretariat@kablonex.com.pl<\/p>\n<p>[\/et_pb_text][\/et_pb_column][et_pb_column type=&#8221;1_3&#8243; _builder_version=&#8221;4.16&#8243; global_colors_info=&#8221;{}&#8221;][\/et_pb_column][\/et_pb_row][et_pb_row column_structure=&#8221;1_3,1_3,1_3&#8243; _builder_version=&#8221;4.20.2&#8243; _module_preset=&#8221;default&#8221; module_alignment=&#8221;center&#8221; custom_margin=&#8221;|561px||auto||&#8221; global_colors_info=&#8221;{}&#8221;][et_pb_column type=&#8221;1_3&#8243; _builder_version=&#8221;4.16&#8243; _module_preset=&#8221;default&#8221; global_colors_info=&#8221;{}&#8221;][et_pb_text _builder_version=&#8221;4.20.2&#8243; width=&#8221;100%&#8221; custom_margin=&#8221;|-201px||1px||&#8221; custom_padding=&#8221;|0px||0px||&#8221; global_colors_info=&#8221;{}&#8221;]<\/p>\n<p><span style=\"text-decoration: underline;\"><b>Customer service department<\/b><\/span><\/p>\n<p><strong>Joanna Guba\u0142a<\/strong><br \/>Customer Service<br \/>mobile: +48 797 909 661<br \/>tel: +48 67 28 11 172<br \/>j.gubala@kablonex.com.pl<\/p>\n<p><strong>Szymon Szudrowicz\u00a0 <img decoding=\"async\" src=\"https:\/\/kablonex.pl\/wp-content\/plugins\/sitepress-multilingual-cms\/res\/flags\/pl.png\" \/> <img decoding=\"async\" src=\"https:\/\/kablonex.pl\/wp-content\/plugins\/sitepress-multilingual-cms\/res\/flags\/en.png\" \/><\/strong><br \/>Customer Service<br \/>tel: +48 67 28 11 172<br \/>mobile: +48 501 348 842<br \/>s.szudrowicz@kablonex.com.pl<\/p>\n<p><strong>Maria Ksi\u0119\u017cniakiewicz<\/strong><br \/>Customer Service<br \/>tel: +48 67 28 11 153<br \/>mobile: +48 501 526 615<br \/><span style=\"color: #666666;\"><a href=\"mailto:maria@kablonex.com.pl\" style=\"color: #666666;\">maria@kablonex.com.pl<\/a><\/span><\/p>\n<p><span><b data-olk-copy-source=\"MessageBody\">Wawrzyniec Mielczarek\u00a0\u00a0<strong><img decoding=\"async\" src=\"https:\/\/kablonex.pl\/wp-content\/plugins\/sitepress-multilingual-cms\/res\/flags\/pl.png\" \/>\u00a0<img decoding=\"async\" src=\"https:\/\/kablonex.pl\/wp-content\/plugins\/sitepress-multilingual-cms\/res\/flags\/en.png\" \/><\/strong><\/b><br \/><\/span><span>Customer Service<br \/><\/span><span>tel: +48 67 11 172<br \/><\/span><span>mobile: +48 501 348 843<br \/><\/span><span><span id=\"eeb-715482-554430\">w.mielczarek@kablonex.com.pl<\/span><\/span><\/p>\n<p>[\/et_pb_text][\/et_pb_column][et_pb_column type=&#8221;1_3&#8243; _builder_version=&#8221;4.16&#8243; _module_preset=&#8221;default&#8221; global_colors_info=&#8221;{}&#8221;][et_pb_text _builder_version=&#8221;4.20.2&#8243; width=&#8221;100%&#8221; custom_padding=&#8221;|0px||8px||&#8221; global_colors_info=&#8221;{}&#8221;]<\/p>\n<p><span style=\"text-decoration: underline;\"><strong>Sales department<\/strong><\/span><\/p>\n<p><strong>Roman \u0141\u0119ga\u00a0 <img decoding=\"async\" src=\"https:\/\/kablonex.pl\/wp-content\/plugins\/sitepress-multilingual-cms\/res\/flags\/pl.png\" \/> <\/strong><br \/><span>Key Account Manager<\/span><br \/>mobile: +48 797 909 663<br \/><span>r.lega@kablonex.com.pl<\/span><\/p>\n<p><strong>Monika Ku\u0142ak <img decoding=\"async\" src=\"https:\/\/kablonex.pl\/wp-content\/plugins\/sitepress-multilingual-cms\/res\/flags\/pl.png\" \/> <img decoding=\"async\" src=\"https:\/\/kablonex.pl\/wp-content\/plugins\/sitepress-multilingual-cms\/res\/flags\/en.png\" \/><\/strong><br \/><span>Key Account Manager<\/span><br \/>mobile: +48 889 053 496<br \/><span>m.kulak@kablonex.com.pls<\/span><span><\/span><br \/><strong><\/strong><\/p>\n<p><strong>Donatas Kiznis <img decoding=\"async\" src=\"https:\/\/kablonex.pl\/wp-content\/plugins\/sitepress-multilingual-cms\/res\/flags\/pl.png\" \/> <img decoding=\"async\" src=\"https:\/\/kablonex.pl\/wp-content\/plugins\/sitepress-multilingual-cms\/res\/flags\/en.png\" \/> <img decoding=\"async\" src=\"https:\/\/kablonex.pl\/wp-content\/plugins\/sitepress-multilingual-cms\/res\/flags\/lt.png\" \/><\/strong><br \/>mobile: +370 607 44807<br \/><span style=\"color: #666666;\"><a href=\"mailto:d.kiznis@kablonex.com.pl\" style=\"color: #666666;\">d.kiznis@kablonex.com.pl<\/a><\/span><span><\/span><\/p>\n<p><span><b data-olk-copy-source=\"MessageBody\">Katarzyna Kubi\u0144ska<br \/><\/b>Junior Business Development Manager<br \/>tel: +48 67 11 172<br \/>mobile: +48 889 052 734<br \/><span style=\"color: #666666;\"><a data-outlook-id=\"eceded77-d1c7-45d3-bbe7-d4f0e47ac009\" data-enc-email=\"x.xhovafxn[at]xnoybark.pbz.cy\" data-linkindex=\"2\" title=\"mailto:k.kubinska@kablonex.com.pl\" class=\"mail-link\" data-wpel-link=\"ignore\" style=\"color: #666666;\"><span id=\"eeb-890213-316412\">k.kubinska@kablonex.com.pl<\/span><\/a><\/span><\/span><\/p>\n<p>[\/et_pb_text][\/et_pb_column][et_pb_column type=&#8221;1_3&#8243; _builder_version=&#8221;4.20.2&#8243; _module_preset=&#8221;default&#8221; global_colors_info=&#8221;{}&#8221;][et_pb_text _builder_version=&#8221;4.20.2&#8243; width=&#8221;100%&#8221; custom_padding=&#8221;|0px||8px||&#8221; global_colors_info=&#8221;{}&#8221;][\/et_pb_text][\/et_pb_column][\/et_pb_row][et_pb_row column_structure=&#8221;1_3,1_3,1_3&#8243; _builder_version=&#8221;4.20.2&#8243; custom_margin=&#8221;32px|auto||auto||&#8221; global_colors_info=&#8221;{}&#8221;][et_pb_column type=&#8221;1_3&#8243; _builder_version=&#8221;4.16&#8243; global_colors_info=&#8221;{}&#8221;][et_pb_text _builder_version=&#8221;4.20.2&#8243; global_colors_info=&#8221;{}&#8221;]<\/p>\n<p><span style=\"text-decoration: underline;\"><strong>Logistics<\/strong><\/span><\/p>\n<p><strong>Damian Witucki<\/strong><br \/>Transport &amp; Logistics Manager<br \/>mobile:\u00a0 + 48 797 909 666<br \/><span style=\"color: #666666;\"><a href=\"mailto:logistyka@kablonex.com.pl\" style=\"color: #666666;\"> logistyka@kablonex.com.pl<\/a><\/span><\/p>\n<p><span><b data-olk-copy-source=\"MessageBody\">\u0141ukasz Parszewski<br \/><\/b><\/span><span>Transport &amp; Logistics Specialist<br \/><\/span><span>mobile: +48 532 351 904<br \/><\/span><span><span id=\"eeb-47809-220493\">logistyka@kablonex.com.pl<\/span><\/span><\/p>\n<p>[\/et_pb_text][\/et_pb_column][et_pb_column type=&#8221;1_3&#8243; _builder_version=&#8221;4.16&#8243; global_colors_info=&#8221;{}&#8221;][et_pb_text admin_label=&#8221;Logistyka&#8221; _builder_version=&#8221;4.20.2&#8243; background_size=&#8221;initial&#8221; background_position=&#8221;top_left&#8221; background_repeat=&#8221;repeat&#8221; module_alignment=&#8221;left&#8221; custom_margin=&#8221;||16px|||&#8221; global_colors_info=&#8221;{}&#8221;]<\/p>\n<p><span style=\"text-decoration: underline;\"><b>Purchasing department<br \/><\/b><\/span><\/p>\n<p><strong>Martyna Chrz\u0105szcz <\/strong><br \/>Procurement Specialist<br \/>mobile:\u00a0 + 48 797 909 650<br \/>zaopatrzenie@kablonex.com.pl<\/p>\n<p>[\/et_pb_text][\/et_pb_column][et_pb_column type=&#8221;1_3&#8243; _builder_version=&#8221;4.16&#8243; global_colors_info=&#8221;{}&#8221;][et_pb_text admin_label=&#8221;Ksiegowosc&#8221; _builder_version=&#8221;4.16&#8243; background_size=&#8221;initial&#8221; background_position=&#8221;top_left&#8221; background_repeat=&#8221;repeat&#8221; module_alignment=&#8221;left&#8221; custom_margin=&#8221;2px|||||&#8221; use_border_color=&#8221;off&#8221; border_color=&#8221;#ffffff&#8221; border_style=&#8221;solid&#8221; global_colors_info=&#8221;{}&#8221;]<\/p>\n<p><strong><span style=\"text-decoration: underline;\">Accounting<\/span><\/strong><\/p>\n<p><b>Jaros\u0142aw Zaworski<\/b><br \/>Chief Financial Officer<br \/>tel. +48 67 281 1 156<br \/>fax +48 67 281 11 52<br \/>jarek@kablonex.com.pl<\/p>\n<p>[\/et_pb_text][\/et_pb_column][\/et_pb_row][\/et_pb_section][et_pb_section fb_built=&#8221;1&#8243; _builder_version=&#8221;4.16&#8243; global_colors_info=&#8221;{}&#8221;][et_pb_row _builder_version=&#8221;4.16&#8243; background_size=&#8221;initial&#8221; background_position=&#8221;top_left&#8221; background_repeat=&#8221;repeat&#8221; custom_padding=&#8221;79px|||||&#8221; global_colors_info=&#8221;{}&#8221;][et_pb_column type=&#8221;4_4&#8243; _builder_version=&#8221;4.16&#8243; custom_padding=&#8221;|||&#8221; hover_enabled=&#8221;0&#8243; global_colors_info=&#8221;{}&#8221; custom_padding__hover=&#8221;|||&#8221; sticky_enabled=&#8221;0&#8243;][et_pb_contact_form captcha=&#8221;off&#8221; email=&#8221;sekretariat@kablonex.com.pl&#8221; title=&#8221;Contact form&#8221; admin_label=&#8221;Contact Form&#8221; module_id=&#8221;et_pb_contact_form_0&#8243; _builder_version=&#8221;4.16&#8243; _unique_id=&#8221;fe361125-32a5-4fb4-b24c-d7eac128cbce&#8221; global_colors_info=&#8221;{}&#8221;][et_pb_contact_field field_id=&#8221;Name&#8221; field_title=&#8221;Nazwa&#8221; _builder_version=&#8221;4.16&#8243; global_colors_info=&#8221;{}&#8221; button_text_size__hover_enabled=&#8221;off&#8221; button_one_text_size__hover_enabled=&#8221;off&#8221; button_two_text_size__hover_enabled=&#8221;off&#8221; button_text_color__hover_enabled=&#8221;off&#8221; button_one_text_color__hover_enabled=&#8221;off&#8221; button_two_text_color__hover_enabled=&#8221;off&#8221; button_border_width__hover_enabled=&#8221;off&#8221; button_one_border_width__hover_enabled=&#8221;off&#8221; button_two_border_width__hover_enabled=&#8221;off&#8221; button_border_color__hover_enabled=&#8221;off&#8221; button_one_border_color__hover_enabled=&#8221;off&#8221; button_two_border_color__hover_enabled=&#8221;off&#8221; button_border_radius__hover_enabled=&#8221;off&#8221; button_one_border_radius__hover_enabled=&#8221;off&#8221; button_two_border_radius__hover_enabled=&#8221;off&#8221; button_letter_spacing__hover_enabled=&#8221;off&#8221; button_one_letter_spacing__hover_enabled=&#8221;off&#8221; button_two_letter_spacing__hover_enabled=&#8221;off&#8221; button_bg_color__hover_enabled=&#8221;off&#8221; button_one_bg_color__hover_enabled=&#8221;off&#8221; button_two_bg_color__hover_enabled=&#8221;off&#8221;][\/et_pb_contact_field][et_pb_contact_field field_id=&#8221;Email&#8221; field_title=&#8221;Adres email&#8221; field_type=&#8221;email&#8221; _builder_version=&#8221;4.16&#8243; global_colors_info=&#8221;{}&#8221; button_text_size__hover_enabled=&#8221;off&#8221; button_one_text_size__hover_enabled=&#8221;off&#8221; button_two_text_size__hover_enabled=&#8221;off&#8221; button_text_color__hover_enabled=&#8221;off&#8221; button_one_text_color__hover_enabled=&#8221;off&#8221; button_two_text_color__hover_enabled=&#8221;off&#8221; button_border_width__hover_enabled=&#8221;off&#8221; button_one_border_width__hover_enabled=&#8221;off&#8221; button_two_border_width__hover_enabled=&#8221;off&#8221; button_border_color__hover_enabled=&#8221;off&#8221; button_one_border_color__hover_enabled=&#8221;off&#8221; button_two_border_color__hover_enabled=&#8221;off&#8221; button_border_radius__hover_enabled=&#8221;off&#8221; button_one_border_radius__hover_enabled=&#8221;off&#8221; button_two_border_radius__hover_enabled=&#8221;off&#8221; button_letter_spacing__hover_enabled=&#8221;off&#8221; button_one_letter_spacing__hover_enabled=&#8221;off&#8221; button_two_letter_spacing__hover_enabled=&#8221;off&#8221; button_bg_color__hover_enabled=&#8221;off&#8221; button_one_bg_color__hover_enabled=&#8221;off&#8221; button_two_bg_color__hover_enabled=&#8221;off&#8221;][\/et_pb_contact_field][et_pb_contact_field field_id=&#8221;Message&#8221; field_title=&#8221;Wiadomo\u015b\u0107&#8221; field_type=&#8221;text&#8221; _builder_version=&#8221;4.16&#8243; global_colors_info=&#8221;{}&#8221; button_text_size__hover_enabled=&#8221;off&#8221; button_one_text_size__hover_enabled=&#8221;off&#8221; button_two_text_size__hover_enabled=&#8221;off&#8221; button_text_color__hover_enabled=&#8221;off&#8221; button_one_text_color__hover_enabled=&#8221;off&#8221; button_two_text_color__hover_enabled=&#8221;off&#8221; button_border_width__hover_enabled=&#8221;off&#8221; button_one_border_width__hover_enabled=&#8221;off&#8221; button_two_border_width__hover_enabled=&#8221;off&#8221; button_border_color__hover_enabled=&#8221;off&#8221; button_one_border_color__hover_enabled=&#8221;off&#8221; button_two_border_color__hover_enabled=&#8221;off&#8221; button_border_radius__hover_enabled=&#8221;off&#8221; button_one_border_radius__hover_enabled=&#8221;off&#8221; button_two_border_radius__hover_enabled=&#8221;off&#8221; button_letter_spacing__hover_enabled=&#8221;off&#8221; button_one_letter_spacing__hover_enabled=&#8221;off&#8221; button_two_letter_spacing__hover_enabled=&#8221;off&#8221; button_bg_color__hover_enabled=&#8221;off&#8221; button_one_bg_color__hover_enabled=&#8221;off&#8221; button_two_bg_color__hover_enabled=&#8221;off&#8221;][\/et_pb_contact_field][\/et_pb_contact_form][\/et_pb_column][\/et_pb_row][\/et_pb_section][et_pb_section fb_built=&#8221;1&#8243; fullwidth=&#8221;on&#8221; _builder_version=&#8221;4.16&#8243; _module_preset=&#8221;default&#8221; global_colors_info=&#8221;{}&#8221;][et_pb_fullwidth_code _builder_version=&#8221;4.27.4&#8243; _module_preset=&#8221;default&#8221; hover_enabled=&#8221;0&#8243; sticky_enabled=&#8221;0&#8243;]<iframe src=\"https:\/\/www.google.com\/maps\/embed?pb=!1m18!1m12!1m3!1d2403.261726236581!2d16.933063999999998!3d52.96170600000001!2m3!1f0!2f0!3f0!3m2!1i1024!2i768!4f13.1!3m3!1m2!1s0x4703f35f8d76779d%3A0xaee038dfb373de38!2sKablonex%20-%20folie%20doskona%C5%82e!5e0!3m2!1spl!2spl!4v1769868348203!5m2!1spl!2spl\" width=\"100%\" height=\"450\" style=\"border:0;\" allowfullscreen=\"\" loading=\"lazy\" referrerpolicy=\"no-referrer-when-downgrade\"><\/iframe>[\/et_pb_fullwidth_code][\/et_pb_section]<\/p>\n","protected":false},"excerpt":{"rendered":"<p>KABLONEX Sp\u00f3\u0142ka z ograniczon\u0105 odpowiedzialno\u015bci\u0105 (dawniej Kablonex Nawroccy Sp\u00f3\u0142ka Jawna)Adres: Podanin 76, 64-800 Chodzie\u017cNIP: 607-008-47-90Secretariat tel. (+48) 67 281 11 51fax (+48) 67 281 11 52sekretariat@kablonex.com.plCustomer service department Joanna Guba\u0142aCustomer Servicemobile: +48 797 909 661tel: +48 67 28 11 172j.gubala@kablonex.com.pl Szymon Szudrowicz\u00a0 Customer Servicetel: +48 67 28 11 172mobile: +48 501 348 842s.szudrowicz@kablonex.com.pl Maria Ksi\u0119\u017cniakiewiczCustomer [&hellip;]<\/p>\n","protected":false},"author":1,"featured_media":0,"parent":0,"menu_order":0,"comment_status":"closed","ping_status":"closed","template":"","meta":{"_et_pb_use_builder":"on","_et_pb_old_content":"","_et_gb_content_width":"","footnotes":""},"class_list":["post-1857","page","type-page","status-publish","hentry"],"yoast_head":"<!-- This site is optimized with the Yoast SEO plugin v26.8 - https:\/\/yoast.com\/product\/yoast-seo-wordpress\/ -->\n<title>Contact | Kablonex<\/title>\n<meta name=\"robots\" content=\"index, follow, max-snippet:-1, max-image-preview:large, max-video-preview:-1\" \/>\n<link rel=\"canonical\" href=\"https:\/\/kablonex.pl\/kontakt\/\" \/>\n<meta property=\"og:locale\" content=\"en_US\" \/>\n<meta property=\"og:type\" content=\"article\" \/>\n<meta property=\"og:title\" content=\"Contact | Kablonex\" \/>\n<meta property=\"og:description\" content=\"KABLONEX Sp\u00f3\u0142ka z ograniczon\u0105 odpowiedzialno\u015bci\u0105 (dawniej Kablonex Nawroccy Sp\u00f3\u0142ka Jawna)Adres: Podanin 76, 64-800 Chodzie\u017cNIP: 607-008-47-90Secretariat tel. (+48) 67 281 11 51fax (+48) 67 281 11 52sekretariat@kablonex.com.plCustomer service department Joanna Guba\u0142aCustomer Servicemobile: +48 797 909 661tel: +48 67 28 11 172j.gubala@kablonex.com.pl Szymon Szudrowicz\u00a0 Customer Servicetel: +48 67 28 11 172mobile: +48 501 348 842s.szudrowicz@kablonex.com.pl Maria Ksi\u0119\u017cniakiewiczCustomer [&hellip;]\" \/>\n<meta property=\"og:url\" content=\"https:\/\/kablonex.pl\/kontakt\/\" \/>\n<meta property=\"og:site_name\" content=\"Kablonex\" \/>\n<meta property=\"article:modified_time\" content=\"2026-01-31T14:33:09+00:00\" \/>\n<meta property=\"og:image\" content=\"https:\/\/kablonex.pl\/wp-content\/plugins\/sitepress-multilingual-cms\/res\/flags\/pl.png\" \/>\n<meta name=\"twitter:card\" content=\"summary_large_image\" \/>\n<meta name=\"twitter:label1\" content=\"Est. reading time\" \/>\n\t<meta name=\"twitter:data1\" content=\"6 minutes\" \/>\n<script type=\"application\/ld+json\" class=\"yoast-schema-graph\">{\"@context\":\"https:\/\/schema.org\",\"@graph\":[{\"@type\":\"WebPage\",\"@id\":\"https:\/\/kablonex.pl\/kontakt\/\",\"url\":\"https:\/\/kablonex.pl\/kontakt\/\",\"name\":\"Contact | Kablonex\",\"isPartOf\":{\"@id\":\"https:\/\/kablonex.pl\/#website\"},\"primaryImageOfPage\":{\"@id\":\"https:\/\/kablonex.pl\/kontakt\/#primaryimage\"},\"image\":{\"@id\":\"https:\/\/kablonex.pl\/kontakt\/#primaryimage\"},\"thumbnailUrl\":\"https:\/\/kablonex.pl\/wp-content\/plugins\/sitepress-multilingual-cms\/res\/flags\/pl.png\",\"datePublished\":\"2017-12-06T08:39:14+00:00\",\"dateModified\":\"2026-01-31T14:33:09+00:00\",\"breadcrumb\":{\"@id\":\"https:\/\/kablonex.pl\/kontakt\/#breadcrumb\"},\"inLanguage\":\"en-US\",\"potentialAction\":[{\"@type\":\"ReadAction\",\"target\":[\"https:\/\/kablonex.pl\/kontakt\/\"]}]},{\"@type\":\"ImageObject\",\"inLanguage\":\"en-US\",\"@id\":\"https:\/\/kablonex.pl\/kontakt\/#primaryimage\",\"url\":\"https:\/\/kablonex.pl\/wp-content\/plugins\/sitepress-multilingual-cms\/res\/flags\/pl.png\",\"contentUrl\":\"https:\/\/kablonex.pl\/wp-content\/plugins\/sitepress-multilingual-cms\/res\/flags\/pl.png\"},{\"@type\":\"BreadcrumbList\",\"@id\":\"https:\/\/kablonex.pl\/kontakt\/#breadcrumb\",\"itemListElement\":[{\"@type\":\"ListItem\",\"position\":1,\"name\":\"Strona g\u0142\u00f3wna\",\"item\":\"https:\/\/kablonex.pl\/en\/\"},{\"@type\":\"ListItem\",\"position\":2,\"name\":\"Contact\"}]},{\"@type\":\"WebSite\",\"@id\":\"https:\/\/kablonex.pl\/#website\",\"url\":\"https:\/\/kablonex.pl\/\",\"name\":\"Kablonex\",\"description\":\"Kablonex Folie doskona\u0142e\",\"potentialAction\":[{\"@type\":\"SearchAction\",\"target\":{\"@type\":\"EntryPoint\",\"urlTemplate\":\"https:\/\/kablonex.pl\/?s={search_term_string}\"},\"query-input\":{\"@type\":\"PropertyValueSpecification\",\"valueRequired\":true,\"valueName\":\"search_term_string\"}}],\"inLanguage\":\"en-US\"}]}<\/script>\n<!-- \/ Yoast SEO plugin. -->","yoast_head_json":{"title":"Contact | Kablonex","robots":{"index":"index","follow":"follow","max-snippet":"max-snippet:-1","max-image-preview":"max-image-preview:large","max-video-preview":"max-video-preview:-1"},"canonical":"https:\/\/kablonex.pl\/kontakt\/","og_locale":"en_US","og_type":"article","og_title":"Contact | Kablonex","og_description":"KABLONEX Sp\u00f3\u0142ka z ograniczon\u0105 odpowiedzialno\u015bci\u0105 (dawniej Kablonex Nawroccy Sp\u00f3\u0142ka Jawna)Adres: Podanin 76, 64-800 Chodzie\u017cNIP: 607-008-47-90Secretariat tel. (+48) 67 281 11 51fax (+48) 67 281 11 52sekretariat@kablonex.com.plCustomer service department Joanna Guba\u0142aCustomer Servicemobile: +48 797 909 661tel: +48 67 28 11 172j.gubala@kablonex.com.pl Szymon Szudrowicz\u00a0 Customer Servicetel: +48 67 28 11 172mobile: +48 501 348 842s.szudrowicz@kablonex.com.pl Maria Ksi\u0119\u017cniakiewiczCustomer [&hellip;]","og_url":"https:\/\/kablonex.pl\/kontakt\/","og_site_name":"Kablonex","article_modified_time":"2026-01-31T14:33:09+00:00","og_image":[{"url":"https:\/\/kablonex.pl\/wp-content\/plugins\/sitepress-multilingual-cms\/res\/flags\/pl.png","type":"","width":"","height":""}],"twitter_card":"summary_large_image","twitter_misc":{"Est. reading time":"6 minutes"},"schema":{"@context":"https:\/\/schema.org","@graph":[{"@type":"WebPage","@id":"https:\/\/kablonex.pl\/kontakt\/","url":"https:\/\/kablonex.pl\/kontakt\/","name":"Contact | Kablonex","isPartOf":{"@id":"https:\/\/kablonex.pl\/#website"},"primaryImageOfPage":{"@id":"https:\/\/kablonex.pl\/kontakt\/#primaryimage"},"image":{"@id":"https:\/\/kablonex.pl\/kontakt\/#primaryimage"},"thumbnailUrl":"https:\/\/kablonex.pl\/wp-content\/plugins\/sitepress-multilingual-cms\/res\/flags\/pl.png","datePublished":"2017-12-06T08:39:14+00:00","dateModified":"2026-01-31T14:33:09+00:00","breadcrumb":{"@id":"https:\/\/kablonex.pl\/kontakt\/#breadcrumb"},"inLanguage":"en-US","potentialAction":[{"@type":"ReadAction","target":["https:\/\/kablonex.pl\/kontakt\/"]}]},{"@type":"ImageObject","inLanguage":"en-US","@id":"https:\/\/kablonex.pl\/kontakt\/#primaryimage","url":"https:\/\/kablonex.pl\/wp-content\/plugins\/sitepress-multilingual-cms\/res\/flags\/pl.png","contentUrl":"https:\/\/kablonex.pl\/wp-content\/plugins\/sitepress-multilingual-cms\/res\/flags\/pl.png"},{"@type":"BreadcrumbList","@id":"https:\/\/kablonex.pl\/kontakt\/#breadcrumb","itemListElement":[{"@type":"ListItem","position":1,"name":"Strona g\u0142\u00f3wna","item":"https:\/\/kablonex.pl\/en\/"},{"@type":"ListItem","position":2,"name":"Contact"}]},{"@type":"WebSite","@id":"https:\/\/kablonex.pl\/#website","url":"https:\/\/kablonex.pl\/","name":"Kablonex","description":"Kablonex Folie doskona\u0142e","potentialAction":[{"@type":"SearchAction","target":{"@type":"EntryPoint","urlTemplate":"https:\/\/kablonex.pl\/?s={search_term_string}"},"query-input":{"@type":"PropertyValueSpecification","valueRequired":true,"valueName":"search_term_string"}}],"inLanguage":"en-US"}]}},"_links":{"self":[{"href":"https:\/\/kablonex.pl\/en\/wp-json\/wp\/v2\/pages\/1857","targetHints":{"allow":["GET"]}}],"collection":[{"href":"https:\/\/kablonex.pl\/en\/wp-json\/wp\/v2\/pages"}],"about":[{"href":"https:\/\/kablonex.pl\/en\/wp-json\/wp\/v2\/types\/page"}],"author":[{"embeddable":true,"href":"https:\/\/kablonex.pl\/en\/wp-json\/wp\/v2\/users\/1"}],"replies":[{"embeddable":true,"href":"https:\/\/kablonex.pl\/en\/wp-json\/wp\/v2\/comments?post=1857"}],"version-history":[{"count":18,"href":"https:\/\/kablonex.pl\/en\/wp-json\/wp\/v2\/pages\/1857\/revisions"}],"predecessor-version":[{"id":2424,"href":"https:\/\/kablonex.pl\/en\/wp-json\/wp\/v2\/pages\/1857\/revisions\/2424"}],"wp:attachment":[{"href":"https:\/\/kablonex.pl\/en\/wp-json\/wp\/v2\/media?parent=1857"}],"curies":[{"name":"wp","href":"https:\/\/api.w.org\/{rel}","templated":true}]}}