{"id":1720,"date":"2017-11-10T15:38:20","date_gmt":"2017-11-10T15:38:20","guid":{"rendered":"http:\/\/kablonex.pl\/ue-funds\/"},"modified":"2017-11-10T15:38:21","modified_gmt":"2017-11-10T15:38:21","slug":"ue-funds","status":"publish","type":"page","link":"https:\/\/kablonex.pl\/en\/ue-funds\/","title":{"rendered":"UE funds"},"content":{"rendered":"<p>[et_pb_section bb_built=&#8221;1&#8243; admin_label=&#8221;section&#8221;][et_pb_row admin_label=&#8221;row&#8221;][et_pb_column type=&#8221;4_4&#8243;][et_pb_slider admin_label=&#8221;Slider&#8221; show_arrows=&#8221;on&#8221; show_pagination=&#8221;on&#8221; auto=&#8221;off&#8221; auto_ignore_hover=&#8221;off&#8221; parallax=&#8221;off&#8221; parallax_method=&#8221;off&#8221; remove_inner_shadow=&#8221;off&#8221; background_position=&#8221;default&#8221; background_size=&#8221;default&#8221; hide_content_on_mobile=&#8221;off&#8221; hide_cta_on_mobile=&#8221;off&#8221; show_image_video_mobile=&#8221;off&#8221; custom_button=&#8221;off&#8221; button_letter_spacing=&#8221;0&#8243; button_use_icon=&#8221;default&#8221; button_icon_placement=&#8221;right&#8221; button_on_hover=&#8221;on&#8221; button_letter_spacing_hover=&#8221;0&#8243;] [et_pb_slide background_image=&#8221;http:\/\/kablonex.pl\/wp-content\/uploads\/2015\/12\/EFRR_Samorzad_kolor-1.jpg&#8221; background_position=&#8221;default&#8221; background_size=&#8221;contain&#8221; background_color=&#8221;#ffffff&#8221; use_bg_overlay=&#8221;off&#8221; use_text_overlay=&#8221;off&#8221; alignment=&#8221;center&#8221; background_layout=&#8221;dark&#8221; allow_player_pause=&#8221;off&#8221; text_border_radius=&#8221;3&#8243; header_font_select=&#8221;default&#8221; header_font=&#8221;||||&#8221; body_font_select=&#8221;default&#8221; body_font=&#8221;||||&#8221; custom_button=&#8221;off&#8221; button_font_select=&#8221;default&#8221; button_font=&#8221;||||&#8221; button_use_icon=&#8221;default&#8221; button_icon_placement=&#8221;right&#8221; button_on_hover=&#8221;on&#8221; \/] [\/et_pb_slider][et_pb_slider admin_label=&#8221;Slider&#8221; show_arrows=&#8221;on&#8221; show_pagination=&#8221;on&#8221; auto=&#8221;off&#8221; auto_ignore_hover=&#8221;off&#8221; parallax=&#8221;off&#8221; parallax_method=&#8221;off&#8221; remove_inner_shadow=&#8221;off&#8221; background_position=&#8221;default&#8221; background_size=&#8221;default&#8221; hide_content_on_mobile=&#8221;off&#8221; hide_cta_on_mobile=&#8221;off&#8221; show_image_video_mobile=&#8221;off&#8221; custom_button=&#8221;off&#8221; button_letter_spacing=&#8221;0&#8243; button_use_icon=&#8221;default&#8221; button_icon_placement=&#8221;right&#8221; button_on_hover=&#8221;on&#8221; button_letter_spacing_hover=&#8221;0&#8243;] [et_pb_slide background_image=&#8221;http:\/\/kablonex.pl\/wp-content\/uploads\/2015\/12\/17-5.jpg&#8221; background_position=&#8221;default&#8221; background_size=&#8221;contain&#8221; background_color=&#8221;#ffffff&#8221; use_bg_overlay=&#8221;off&#8221; use_text_overlay=&#8221;off&#8221; alignment=&#8221;center&#8221; background_layout=&#8221;dark&#8221; allow_player_pause=&#8221;off&#8221; text_border_radius=&#8221;3&#8243; header_font_select=&#8221;default&#8221; header_font=&#8221;||||&#8221; body_font_select=&#8221;default&#8221; body_font=&#8221;||||&#8221; custom_button=&#8221;off&#8221; button_font_select=&#8221;default&#8221; button_font=&#8221;||||&#8221; button_use_icon=&#8221;default&#8221; button_icon_placement=&#8221;right&#8221; button_on_hover=&#8221;on&#8221; \/] [\/et_pb_slider][et_pb_slider admin_label=&#8221;Slider&#8221; show_arrows=&#8221;on&#8221; show_pagination=&#8221;on&#8221; auto=&#8221;off&#8221; auto_ignore_hover=&#8221;off&#8221; parallax=&#8221;off&#8221; parallax_method=&#8221;off&#8221; remove_inner_shadow=&#8221;off&#8221; background_position=&#8221;default&#8221; background_size=&#8221;default&#8221; hide_content_on_mobile=&#8221;off&#8221; hide_cta_on_mobile=&#8221;off&#8221; show_image_video_mobile=&#8221;off&#8221; custom_button=&#8221;off&#8221; button_letter_spacing=&#8221;0&#8243; button_use_icon=&#8221;default&#8221; button_icon_placement=&#8221;right&#8221; button_on_hover=&#8221;on&#8221; button_letter_spacing_hover=&#8221;0&#8243;] [et_pb_slide background_image=&#8221;http:\/\/logos-net.pl\/kablonex\/wp-content\/uploads\/2015\/12\/UE.jpg&#8221; background_position=&#8221;default&#8221; background_size=&#8221;contain&#8221; background_color=&#8221;#ffffff&#8221; use_bg_overlay=&#8221;off&#8221; use_text_overlay=&#8221;off&#8221; alignment=&#8221;center&#8221; background_layout=&#8221;dark&#8221; allow_player_pause=&#8221;off&#8221; text_border_radius=&#8221;3&#8243; header_font_select=&#8221;default&#8221; header_font=&#8221;||||&#8221; body_font_select=&#8221;default&#8221; body_font=&#8221;||||&#8221; custom_button=&#8221;off&#8221; button_font_select=&#8221;default&#8221; button_font=&#8221;||||&#8221; button_use_icon=&#8221;default&#8221; button_icon_placement=&#8221;right&#8221; button_on_hover=&#8221;on&#8221;] [\/et_pb_slide] [\/et_pb_slider][et_pb_blurb admin_label=&#8221;Notka&#8221; url_new_window=&#8221;off&#8221; use_icon=&#8221;off&#8221; icon_color=&#8221;#2ea3f2&#8243; use_circle=&#8221;off&#8221; circle_color=&#8221;#2ea3f2&#8243; use_circle_border=&#8221;off&#8221; circle_border_color=&#8221;#2ea3f2&#8243; icon_placement=&#8221;top&#8221; animation=&#8221;top&#8221; background_layout=&#8221;light&#8221; text_orientation=&#8221;left&#8221; use_icon_font_size=&#8221;off&#8221; use_border_color=&#8221;off&#8221; border_color=&#8221;#ffffff&#8221; border_style=&#8221;solid&#8221;]<\/p>\n<p>Umowa o dofinansowanie projektu nr UDA-POIG.08.02.00-30-114\/14-00 w ramach dzia\u0142ania 8.2 Wspieranie wdra\u017cania elektronicznego biznesu typu B2B 8 osi priorytetowej\u00a0 Spo\u0142ecze\u0144stwo informacyjne \u2013 zwi\u0119kszanie innowacyjno\u015bci gospodarki Programu Operacyjnego Innowacyjna Gospodarka, 2007-2013<\/p>\n<p>Tytu\u0142 projektu:\u00a0 \u00a0<strong><em>\u201e Implementacja systemu B2B dla optymalizacji i automatyzacji proces\u00f3w biznesowych realizowanych pomi\u0119dzy przedsi\u0119biorstwem \u201eKABLONEX\u201d a jego partnerami\u201d.<\/em><\/strong><\/p>\n<p><em>Okres realizacji 2014-2015<\/em><\/p>\n<p>&nbsp;<\/p>\n<p>&nbsp;<\/p>\n<p>[\/et_pb_blurb][et_pb_image admin_label=&#8221;Obraz&#8221; src=&#8221;http:\/\/kablonex.pl\/wp-content\/uploads\/2015\/12\/2013-2015.jpg&#8221; show_in_lightbox=&#8221;off&#8221; url_new_window=&#8221;off&#8221; use_overlay=&#8221;off&#8221; animation=&#8221;left&#8221; sticky=&#8221;off&#8221; align=&#8221;center&#8221; force_fullwidth=&#8221;off&#8221; always_center_on_mobile=&#8221;on&#8221; use_border_color=&#8221;off&#8221; border_color=&#8221;#ffffff&#8221; border_style=&#8221;solid&#8221; \/][et_pb_blurb admin_label=&#8221;Notka&#8221; url_new_window=&#8221;off&#8221; use_icon=&#8221;off&#8221; icon_color=&#8221;#2ea3f2&#8243; use_circle=&#8221;off&#8221; circle_color=&#8221;#2ea3f2&#8243; use_circle_border=&#8221;off&#8221; circle_border_color=&#8221;#2ea3f2&#8243; icon_placement=&#8221;top&#8221; animation=&#8221;top&#8221; background_layout=&#8221;light&#8221; text_orientation=&#8221;left&#8221; use_icon_font_size=&#8221;off&#8221; use_border_color=&#8221;off&#8221; border_color=&#8221;#ffffff&#8221; border_style=&#8221;solid&#8221;]<\/p>\n<p>Umowa o dofinansowanie projektu nr UDA-POIG.04.04.00-30-018\/13-00 w ramach dzia\u0142ania 4.4 Nowe inwestycje o wysokim potencjale innowacyjnym osi priorytetowej 4 Inwestycje w innowacyjne przedsi\u0119wzi\u0119cia Programu Operacyjnego Innowacyjna Gospodarka 2007-2013<\/p>\n<p>Tytu\u0142 projektu:\u00a0 <strong><em>\u201eWzrost konkurencyjno\u015bci firmy Kablonex poprzez wdro\u017cenie innowacyjnych rozwi\u0105za\u0144 technologicznych\u201d<\/em><\/strong><\/p>\n<p><em>Okres realizacji 2013-2015<\/em><\/p>\n<p>&nbsp;<\/p>\n<p>[\/et_pb_blurb][et_pb_blurb admin_label=&#8221;Notka&#8221; url_new_window=&#8221;off&#8221; use_icon=&#8221;off&#8221; icon_color=&#8221;#2ea3f2&#8243; use_circle=&#8221;off&#8221; circle_color=&#8221;#2ea3f2&#8243; use_circle_border=&#8221;off&#8221; circle_border_color=&#8221;#2ea3f2&#8243; icon_placement=&#8221;top&#8221; animation=&#8221;top&#8221; background_layout=&#8221;light&#8221; text_orientation=&#8221;left&#8221; use_icon_font_size=&#8221;off&#8221; use_border_color=&#8221;off&#8221; border_color=&#8221;#ffffff&#8221; border_style=&#8221;solid&#8221;]<\/p>\n<p>Umowa z Zak\u0142adem Ubezpiecze\u0144 Spo\u0142ecznych na dofinansowanie realizacji projektu <strong><em>\u201ePoprawa stanu bezpiecze\u0144stwa i higieny pracy os\u00f3b zatrudnionych w firmie Kablonex\u201d<\/em><\/strong><\/p>\n<p><em>Okres realizacji 2015-2016<\/em><\/p>\n<p>[\/et_pb_blurb][et_pb_image admin_label=&#8221;Obraz&#8221; src=&#8221;http:\/\/kablonex.pl\/wp-content\/uploads\/2015\/12\/Kablonex-tabl.-unijna-50&#215;30-cm1.jpg&#8221; show_in_lightbox=&#8221;off&#8221; url_new_window=&#8221;off&#8221; use_overlay=&#8221;off&#8221; animation=&#8221;fade_in&#8221; sticky=&#8221;off&#8221; align=&#8221;center&#8221; force_fullwidth=&#8221;off&#8221; always_center_on_mobile=&#8221;on&#8221; use_border_color=&#8221;off&#8221; border_color=&#8221;#ffffff&#8221; border_style=&#8221;solid&#8221; \/][et_pb_blurb admin_label=&#8221;Notka&#8221; url_new_window=&#8221;off&#8221; use_icon=&#8221;off&#8221; icon_color=&#8221;#2ea3f2&#8243; use_circle=&#8221;off&#8221; circle_color=&#8221;#2ea3f2&#8243; use_circle_border=&#8221;off&#8221; circle_border_color=&#8221;#2ea3f2&#8243; icon_placement=&#8221;top&#8221; animation=&#8221;top&#8221; background_layout=&#8221;light&#8221; text_orientation=&#8221;left&#8221; use_icon_font_size=&#8221;off&#8221; use_border_color=&#8221;off&#8221; border_color=&#8221;#ffffff&#8221; border_style=&#8221;solid&#8221;]<\/p>\n<p>Umowa o dofinansowanie projektu nr WND-RPWP.01.02.04-30-068\/14 w ramach Dzia\u0142ania 1.2 Wsparcie rozwoju MSP Schemat IV Projekty inwestycyjne realizowane w ramach pomocy\u00a0\u00a0\u00a0\u00a0\u00a0\u00a0\u00a0\u00a0 \u00a0de minimis Wielkopolskiego Regionalnego Programu Operacyjnego na lata 2007-20136<\/p>\n<p>Tytu\u0142 projektu: <strong><em>\u201eNowatorskie technologie w firmie Kablonex\u201d<\/em><\/strong><\/p>\n<p><em>Okres realizacji 2014-2015<\/em><\/p>\n<p>&nbsp;<\/p>\n<p>&nbsp;<\/p>\n<p>[\/et_pb_blurb][et_pb_image admin_label=&#8221;Obraz&#8221; src=&#8221;http:\/\/kablonex.pl\/wp-content\/uploads\/2015\/12\/dotacja.jpg&#8221; show_in_lightbox=&#8221;off&#8221; url_new_window=&#8221;off&#8221; use_overlay=&#8221;off&#8221; animation=&#8221;left&#8221; sticky=&#8221;off&#8221; align=&#8221;center&#8221; force_fullwidth=&#8221;off&#8221; always_center_on_mobile=&#8221;on&#8221; use_border_color=&#8221;off&#8221; border_color=&#8221;#ffffff&#8221; border_style=&#8221;solid&#8221; \/][et_pb_blurb admin_label=&#8221;Notka&#8221; url_new_window=&#8221;off&#8221; use_icon=&#8221;off&#8221; icon_color=&#8221;#2ea3f2&#8243; use_circle=&#8221;off&#8221; circle_color=&#8221;#2ea3f2&#8243; use_circle_border=&#8221;off&#8221; circle_border_color=&#8221;#2ea3f2&#8243; icon_placement=&#8221;top&#8221; animation=&#8221;top&#8221; background_layout=&#8221;light&#8221; text_orientation=&#8221;left&#8221; use_icon_font_size=&#8221;off&#8221; use_border_color=&#8221;off&#8221; border_color=&#8221;#ffffff&#8221; border_style=&#8221;solid&#8221;]<\/p>\n<p>Umowa o dofinansowanie projektu nr UDA-RPWP.01.02.03-30-065\/09-00 w ramach Priorytetu I Konkurencyjno\u015b\u0107 przedsi\u0119biorstw Dzia\u0142ania 1.2 \u2013 Wsparcie rozwoju MSP Schematu III Projekty inwestycyjne zak\u0142adaj\u0105ce nabycie i zastosowanie nowych rozwi\u0105za\u0144 technologicznych (stosowanych na \u015bwiecie nie wcze\u015bniej ni\u017c od 3 lat) Wielkopolskiego Regionalnego Programu Operacyjnego na lata 2007-2013<\/p>\n<p>Tytu\u0142 projektu: <strong><em>\u201eWdro\u017cenie technologii doskona\u0142ej folii pi\u0119ciowarstwowej\u201d<\/em><\/strong><\/p>\n<p><em>Okres realizacji 2010<\/em><\/p>\n<p>&nbsp;<\/p>\n<p>[\/et_pb_blurb][et_pb_blurb admin_label=&#8221;Notka&#8221; url_new_window=&#8221;off&#8221; use_icon=&#8221;off&#8221; icon_color=&#8221;#2ea3f2&#8243; use_circle=&#8221;off&#8221; circle_color=&#8221;#2ea3f2&#8243; use_circle_border=&#8221;off&#8221; circle_border_color=&#8221;#2ea3f2&#8243; icon_placement=&#8221;top&#8221; animation=&#8221;top&#8221; background_layout=&#8221;light&#8221; text_orientation=&#8221;left&#8221; use_icon_font_size=&#8221;off&#8221; use_border_color=&#8221;off&#8221; border_color=&#8221;#ffffff&#8221; border_style=&#8221;solid&#8221;]<\/p>\n<p>Umowa o dofinansowanie projektu nr UDA-RPWP.01.02.01-30-303\/08-00 wsp\u00f3\u0142finansowanego z Europejskiego Funduszu Rozwoju Regionalnego w ramach Priorytetu I Konkurencyjno\u015b\u0107 przedsi\u0119biorstw Dzia\u0142anie 1.2 \u2013 Wsparcie rozwoju MSP Wielkopolskiego Regionalnego Programu Operacyjnego na lata 2007-2013<\/p>\n<p>Tytu\u0142 projektu: <strong><em>\u201e Inwestycje = rozw\u00f3j Kablonexu\u201d<\/em><\/strong><\/p>\n<p><em>Okres realizacji 2009-2010<\/em><\/p>\n<p>&nbsp;<\/p>\n<p>[\/et_pb_blurb][et_pb_blurb admin_label=&#8221;Notka&#8221; url_new_window=&#8221;off&#8221; use_icon=&#8221;off&#8221; icon_color=&#8221;#2ea3f2&#8243; use_circle=&#8221;off&#8221; circle_color=&#8221;#2ea3f2&#8243; use_circle_border=&#8221;off&#8221; circle_border_color=&#8221;#2ea3f2&#8243; icon_placement=&#8221;top&#8221; animation=&#8221;top&#8221; background_layout=&#8221;light&#8221; text_orientation=&#8221;left&#8221; use_icon_font_size=&#8221;off&#8221; use_border_color=&#8221;off&#8221; border_color=&#8221;#ffffff&#8221; border_style=&#8221;solid&#8221;]<\/p>\n<p>Umowa o dofinansowanie projektu nr SPOWKP\/2.3\/2\/30\/1151 w ramach Sektorowego Programu Operacyjnego \u2013 Wzrost konkurencyjno\u015bci przedsi\u0119biorstw Dzia\u0142anie 2.3 Wzrost konkurencyjno\u015bci ma\u0142ych i \u015brednich przedsi\u0119biorstw poprzez inwestycje<\/p>\n<p>Tytu\u0142 projektu: <strong><em>\u201eModernizacja zak\u0142adu ZPHU Kablonex poprzez zakup zaawansowanych technologicznie linii produkcyjnej\u201d<\/em><\/strong><\/p>\n<p><em>Okres realizacji 2005-2008<\/em><\/p>\n<p>&nbsp;<\/p>\n<p>[\/et_pb_blurb][et_pb_blurb admin_label=&#8221;Notka&#8221; url_new_window=&#8221;off&#8221; use_icon=&#8221;off&#8221; icon_color=&#8221;#2ea3f2&#8243; use_circle=&#8221;off&#8221; circle_color=&#8221;#2ea3f2&#8243; use_circle_border=&#8221;off&#8221; circle_border_color=&#8221;#2ea3f2&#8243; icon_placement=&#8221;top&#8221; animation=&#8221;top&#8221; background_layout=&#8221;light&#8221; text_orientation=&#8221;left&#8221; use_icon_font_size=&#8221;off&#8221; use_border_color=&#8221;off&#8221; border_color=&#8221;#ffffff&#8221; border_style=&#8221;solid&#8221;]<\/p>\n<p>Umowa o dofinansowanie projektu nr 2002\/000-580-06.02.-03\/15\/0719 w ramach Program Phare 2002 Sektorowy Program Rozwoju M\u015aP i Innowacji Krajowego Funduszu Dotacji Inwestycyjnych<\/p>\n<p>Tytu\u0142 projektu: <strong><em>\u201eModernizacja Produkcji w ZPHU \u201eKablonex\u201d Eugeniusz Nawrocki\u201d<\/em><\/strong><\/p>\n<p><em>Okres realizacji 2005<\/em><\/p>\n<p>[\/et_pb_blurb][et_pb_blurb admin_label=&#8221;Notka&#8221; url_new_window=&#8221;off&#8221; use_icon=&#8221;off&#8221; icon_color=&#8221;#2ea3f2&#8243; use_circle=&#8221;off&#8221; circle_color=&#8221;#2ea3f2&#8243; use_circle_border=&#8221;off&#8221; circle_border_color=&#8221;#2ea3f2&#8243; icon_placement=&#8221;top&#8221; animation=&#8221;top&#8221; background_layout=&#8221;light&#8221; text_orientation=&#8221;left&#8221; use_icon_font_size=&#8221;off&#8221; use_border_color=&#8221;off&#8221; border_color=&#8221;#ffffff&#8221; border_style=&#8221;solid&#8221;]<\/p>\n<p>Umowa o dofinansowanie projektu nr 2003\/004-379\/05.02\/15\/0367 w ramach Program Phare 2003 Wsparcie konkurencyjno\u015bci polskich przedsi\u0119biorstw \u2013 Inwestycje w technologie i innowacje Rozwoju i modernizacji przedsi\u0119biorstw w oparciu o nowe technologie Funduszu Dotacji Inwestycyjnych<\/p>\n<p>Tytu\u0142 projektu: <strong><em>\u201eNowe technologie w \u201eKablonexie\u201d\u201d<\/em><\/strong><\/p>\n<p><em>Okres realizacji 2006<\/em><\/p>\n<p>&nbsp;<\/p>\n<p>[\/et_pb_blurb][et_pb_blurb admin_label=&#8221;Notka&#8221; url_new_window=&#8221;off&#8221; use_icon=&#8221;off&#8221; icon_color=&#8221;#2ea3f2&#8243; use_circle=&#8221;off&#8221; circle_color=&#8221;#2ea3f2&#8243; use_circle_border=&#8221;off&#8221; circle_border_color=&#8221;#2ea3f2&#8243; icon_placement=&#8221;top&#8221; animation=&#8221;top&#8221; background_layout=&#8221;light&#8221; text_orientation=&#8221;left&#8221; use_icon_font_size=&#8221;off&#8221; use_border_color=&#8221;off&#8221; border_color=&#8221;#ffffff&#8221; border_style=&#8221;solid&#8221;]<\/p>\n<p>Umowa o dofinansowanie projektu nr 2002\/000-196.01.04-03-04-15-i-0039 w ramach Program Phare 2002 Bezpiecze\u0144stwo i Higiena Pracy w sektorze MSP<\/p>\n<p>Tytu\u0142 projektu<strong><em>: \u201eBezpieczne miejsca pracy w Kablonexie\u201d\u201d<\/em><\/strong><\/p>\n<p><em>Okres realizacji 2005<\/em><\/p>\n<p>&nbsp;<\/p>\n<p>&nbsp;<\/p>\n<p>[\/et_pb_blurb][\/et_pb_column][\/et_pb_row][\/et_pb_section]<\/p>\n","protected":false},"excerpt":{"rendered":"<p>Umowa o dofinansowanie projektu nr UDA-POIG.08.02.00-30-114\/14-00 w ramach dzia\u0142ania 8.2 Wspieranie wdra\u017cania elektronicznego biznesu typu B2B 8 osi priorytetowej\u00a0 Spo\u0142ecze\u0144stwo informacyjne \u2013 zwi\u0119kszanie innowacyjno\u015bci gospodarki Programu Operacyjnego Innowacyjna Gospodarka, 2007-2013 Tytu\u0142 projektu:\u00a0 \u00a0\u201e Implementacja systemu B2B dla optymalizacji i automatyzacji proces\u00f3w biznesowych realizowanych pomi\u0119dzy przedsi\u0119biorstwem \u201eKABLONEX\u201d a jego partnerami\u201d. Okres realizacji 2014-2015 &nbsp; &nbsp; Umowa [&hellip;]<\/p>\n","protected":false},"author":1,"featured_media":0,"parent":0,"menu_order":0,"comment_status":"closed","ping_status":"closed","template":"","meta":{"_et_pb_use_builder":"on","_et_pb_old_content":"","_et_gb_content_width":"","footnotes":""},"class_list":["post-1720","page","type-page","status-publish","hentry"],"yoast_head":"<!-- This site is optimized with the Yoast SEO plugin v26.8 - https:\/\/yoast.com\/product\/yoast-seo-wordpress\/ -->\n<title>UE funds | Kablonex<\/title>\n<meta name=\"robots\" content=\"index, follow, max-snippet:-1, max-image-preview:large, max-video-preview:-1\" \/>\n<link rel=\"canonical\" href=\"https:\/\/kablonex.pl\/en\/ue-funds\/\" \/>\n<meta property=\"og:locale\" content=\"en_US\" \/>\n<meta property=\"og:type\" content=\"article\" \/>\n<meta property=\"og:title\" content=\"UE funds | Kablonex\" \/>\n<meta property=\"og:description\" content=\"Umowa o dofinansowanie projektu nr UDA-POIG.08.02.00-30-114\/14-00 w ramach dzia\u0142ania 8.2 Wspieranie wdra\u017cania elektronicznego biznesu typu B2B 8 osi priorytetowej\u00a0 Spo\u0142ecze\u0144stwo informacyjne \u2013 zwi\u0119kszanie innowacyjno\u015bci gospodarki Programu Operacyjnego Innowacyjna Gospodarka, 2007-2013 Tytu\u0142 projektu:\u00a0 \u00a0\u201e Implementacja systemu B2B dla optymalizacji i automatyzacji proces\u00f3w biznesowych realizowanych pomi\u0119dzy przedsi\u0119biorstwem \u201eKABLONEX\u201d a jego partnerami\u201d. Okres realizacji 2014-2015 &nbsp; &nbsp; Umowa [&hellip;]\" \/>\n<meta property=\"og:url\" content=\"https:\/\/kablonex.pl\/en\/ue-funds\/\" \/>\n<meta property=\"og:site_name\" content=\"Kablonex\" \/>\n<meta property=\"article:modified_time\" content=\"2017-11-10T15:38:21+00:00\" \/>\n<meta name=\"twitter:card\" content=\"summary_large_image\" \/>\n<meta name=\"twitter:label1\" content=\"Est. reading time\" \/>\n\t<meta name=\"twitter:data1\" content=\"8 minutes\" \/>\n<script type=\"application\/ld+json\" class=\"yoast-schema-graph\">{\"@context\":\"https:\/\/schema.org\",\"@graph\":[{\"@type\":\"WebPage\",\"@id\":\"https:\/\/kablonex.pl\/en\/ue-funds\/\",\"url\":\"https:\/\/kablonex.pl\/en\/ue-funds\/\",\"name\":\"UE funds | Kablonex\",\"isPartOf\":{\"@id\":\"https:\/\/kablonex.pl\/#website\"},\"datePublished\":\"2017-11-10T15:38:20+00:00\",\"dateModified\":\"2017-11-10T15:38:21+00:00\",\"breadcrumb\":{\"@id\":\"https:\/\/kablonex.pl\/en\/ue-funds\/#breadcrumb\"},\"inLanguage\":\"en-US\",\"potentialAction\":[{\"@type\":\"ReadAction\",\"target\":[\"https:\/\/kablonex.pl\/en\/ue-funds\/\"]}]},{\"@type\":\"BreadcrumbList\",\"@id\":\"https:\/\/kablonex.pl\/en\/ue-funds\/#breadcrumb\",\"itemListElement\":[{\"@type\":\"ListItem\",\"position\":1,\"name\":\"Strona g\u0142\u00f3wna\",\"item\":\"https:\/\/kablonex.pl\/en\/\"},{\"@type\":\"ListItem\",\"position\":2,\"name\":\"UE funds\"}]},{\"@type\":\"WebSite\",\"@id\":\"https:\/\/kablonex.pl\/#website\",\"url\":\"https:\/\/kablonex.pl\/\",\"name\":\"Kablonex\",\"description\":\"Kablonex Folie doskona\u0142e\",\"potentialAction\":[{\"@type\":\"SearchAction\",\"target\":{\"@type\":\"EntryPoint\",\"urlTemplate\":\"https:\/\/kablonex.pl\/?s={search_term_string}\"},\"query-input\":{\"@type\":\"PropertyValueSpecification\",\"valueRequired\":true,\"valueName\":\"search_term_string\"}}],\"inLanguage\":\"en-US\"}]}<\/script>\n<!-- \/ Yoast SEO plugin. -->","yoast_head_json":{"title":"UE funds | Kablonex","robots":{"index":"index","follow":"follow","max-snippet":"max-snippet:-1","max-image-preview":"max-image-preview:large","max-video-preview":"max-video-preview:-1"},"canonical":"https:\/\/kablonex.pl\/en\/ue-funds\/","og_locale":"en_US","og_type":"article","og_title":"UE funds | Kablonex","og_description":"Umowa o dofinansowanie projektu nr UDA-POIG.08.02.00-30-114\/14-00 w ramach dzia\u0142ania 8.2 Wspieranie wdra\u017cania elektronicznego biznesu typu B2B 8 osi priorytetowej\u00a0 Spo\u0142ecze\u0144stwo informacyjne \u2013 zwi\u0119kszanie innowacyjno\u015bci gospodarki Programu Operacyjnego Innowacyjna Gospodarka, 2007-2013 Tytu\u0142 projektu:\u00a0 \u00a0\u201e Implementacja systemu B2B dla optymalizacji i automatyzacji proces\u00f3w biznesowych realizowanych pomi\u0119dzy przedsi\u0119biorstwem \u201eKABLONEX\u201d a jego partnerami\u201d. Okres realizacji 2014-2015 &nbsp; &nbsp; Umowa [&hellip;]","og_url":"https:\/\/kablonex.pl\/en\/ue-funds\/","og_site_name":"Kablonex","article_modified_time":"2017-11-10T15:38:21+00:00","twitter_card":"summary_large_image","twitter_misc":{"Est. reading time":"8 minutes"},"schema":{"@context":"https:\/\/schema.org","@graph":[{"@type":"WebPage","@id":"https:\/\/kablonex.pl\/en\/ue-funds\/","url":"https:\/\/kablonex.pl\/en\/ue-funds\/","name":"UE funds | Kablonex","isPartOf":{"@id":"https:\/\/kablonex.pl\/#website"},"datePublished":"2017-11-10T15:38:20+00:00","dateModified":"2017-11-10T15:38:21+00:00","breadcrumb":{"@id":"https:\/\/kablonex.pl\/en\/ue-funds\/#breadcrumb"},"inLanguage":"en-US","potentialAction":[{"@type":"ReadAction","target":["https:\/\/kablonex.pl\/en\/ue-funds\/"]}]},{"@type":"BreadcrumbList","@id":"https:\/\/kablonex.pl\/en\/ue-funds\/#breadcrumb","itemListElement":[{"@type":"ListItem","position":1,"name":"Strona g\u0142\u00f3wna","item":"https:\/\/kablonex.pl\/en\/"},{"@type":"ListItem","position":2,"name":"UE funds"}]},{"@type":"WebSite","@id":"https:\/\/kablonex.pl\/#website","url":"https:\/\/kablonex.pl\/","name":"Kablonex","description":"Kablonex Folie doskona\u0142e","potentialAction":[{"@type":"SearchAction","target":{"@type":"EntryPoint","urlTemplate":"https:\/\/kablonex.pl\/?s={search_term_string}"},"query-input":{"@type":"PropertyValueSpecification","valueRequired":true,"valueName":"search_term_string"}}],"inLanguage":"en-US"}]}},"_links":{"self":[{"href":"https:\/\/kablonex.pl\/en\/wp-json\/wp\/v2\/pages\/1720","targetHints":{"allow":["GET"]}}],"collection":[{"href":"https:\/\/kablonex.pl\/en\/wp-json\/wp\/v2\/pages"}],"about":[{"href":"https:\/\/kablonex.pl\/en\/wp-json\/wp\/v2\/types\/page"}],"author":[{"embeddable":true,"href":"https:\/\/kablonex.pl\/en\/wp-json\/wp\/v2\/users\/1"}],"replies":[{"embeddable":true,"href":"https:\/\/kablonex.pl\/en\/wp-json\/wp\/v2\/comments?post=1720"}],"version-history":[{"count":1,"href":"https:\/\/kablonex.pl\/en\/wp-json\/wp\/v2\/pages\/1720\/revisions"}],"predecessor-version":[{"id":1721,"href":"https:\/\/kablonex.pl\/en\/wp-json\/wp\/v2\/pages\/1720\/revisions\/1721"}],"wp:attachment":[{"href":"https:\/\/kablonex.pl\/en\/wp-json\/wp\/v2\/media?parent=1720"}],"curies":[{"name":"wp","href":"https:\/\/api.w.org\/{rel}","templated":true}]}}