{"id":1441,"date":"2017-10-30T12:11:22","date_gmt":"2017-10-30T12:11:22","guid":{"rendered":"http:\/\/kablonex.pl\/12-folien-mit-aufdruck\/"},"modified":"2017-10-30T12:11:25","modified_gmt":"2017-10-30T12:11:25","slug":"12-folien-mit-aufdruck","status":"publish","type":"page","link":"https:\/\/kablonex.pl\/de\/12-folien-mit-aufdruck\/","title":{"rendered":"12. Folien mit Aufdruck"},"content":{"rendered":"<p>[et_pb_section fb_built=&#8220;1&#8243; padding_mobile=&#8220;off&#8220; admin_label=&#8220;section&#8220; custom_css_main_element=&#8220;height:100%;&#8220;][et_pb_row make_fullwidth=&#8220;on&#8220; padding_mobile=&#8220;off&#8220; parallax=&#8220;on&#8220; parallax_method=&#8220;off&#8220; column_padding_mobile=&#8220;on&#8220; parallax_method_1=&#8220;off&#8220; parallax_method_2=&#8220;off&#8220; admin_label=&#8220;row&#8220;][et_pb_column type=&#8220;1_3&#8243; parallax=&#8220;off&#8220; parallax_method=&#8220;off&#8220; column_padding_mobile=&#8220;on&#8220;][et_pb_sidebar area=&#8220;sidebar-1&#8243; admin_label=&#8220;Panel boczny&#8220;]<br \/>\n[\/et_pb_sidebar][\/et_pb_column][et_pb_column type=&#8220;2_3&#8243; parallax=&#8220;off&#8220; parallax_method=&#8220;off&#8220; column_padding_mobile=&#8220;on&#8220;][et_pb_text admin_label=&#8220;Tekst&#8220; header_font_size=&#8220;1px&#8220; text_font_size=&#8220;23&#8243; text_line_height=&#8220;1em&#8220; custom_margin=&#8220;30px||10px|&#8220;] <strong>12. Folien mit Aufdruck<\/strong> [\/et_pb_text][et_pb_image admin_label=&#8220;Obraz&#8220; src=&#8220;http:\/\/kablonex.pl\/wp-content\/uploads\/2017\/04\/IMG_2254-e1456998639489-wh400.jpg&#8220;]<br \/>\n[\/et_pb_image][et_pb_tabs admin_label=&#8220;Zak\u0142adki&#8220;][et_pb_tab title=&#8220;Anwendung&#8220; tab_font=&#8220;||||&#8220; tab_line_height=&#8220;2em&#8220; tab_line_height_tablet=&#8220;2em&#8220; tab_line_height_phone=&#8220;2em&#8220; body_font=&#8220;||||&#8220; body_line_height=&#8220;2em&#8220; body_line_height_tablet=&#8220;2em&#8220; body_line_height_phone=&#8220;2em&#8220;] Ein weltweiter Trend ist die Einf\u00fchrung von Verpackungsfolie mit Aufdruck. Der Ziel ist es, so dass das Produkt sich von anderen besonders im Laden auszeichnet. Dank der Anschaffung der 8- Farben Hochleistungs-Zentralzylinder-Flexodruckmaschine mit Sleevetechnologie, bieten wir unseren Kunden hochwertigen Aufdruck in HD- Qualit\u00e4t. Die Folie wird zur Herstellung von Verpackungen auf automatischen Verpackungslinien angewendet, bsp. in der Lebensmittelindustrie, Hygiene, Bauindustrie und anderen.<\/p>\n<p>Die Parameter (Abmessung, Schrumfwerte, Festigkeit) sind individuell an die Bed\u00fcrfnisse und W\u00fcnschen unserer Kunden angepasst. Bei der Auswahl der richtigen Parameter ber\u00fccksichtigen wir die speziellen Anforderungen von Verpackungslinien.<\/p>\n<p>Dank dem modernen Maschinenpark und Rohstoffen der weltbekannten Hersteller produzieren wir die Schrumpffolien in niedrigeren St\u00e4rken, die sehr gute optische und mechanische Eigenschaften haben und den Anforderungen der Hochleistungsanlagen entsprechen. [\/et_pb_tab][\/et_pb_tabs][\/et_pb_column][\/et_pb_row][\/et_pb_section]<\/p>\n","protected":false},"excerpt":{"rendered":"<p>12. Folien mit Aufdruck Ein weltweiter Trend ist die Einf\u00fchrung von Verpackungsfolie mit Aufdruck. Der Ziel ist es, so dass das Produkt sich von anderen besonders im Laden auszeichnet. Dank der Anschaffung der 8- Farben Hochleistungs-Zentralzylinder-Flexodruckmaschine mit Sleevetechnologie, bieten wir unseren Kunden hochwertigen Aufdruck in HD- Qualit\u00e4t. Die Folie wird zur Herstellung von Verpackungen auf [&hellip;]<\/p>\n","protected":false},"author":1,"featured_media":0,"parent":0,"menu_order":0,"comment_status":"closed","ping_status":"closed","template":"","meta":{"_et_pb_use_builder":"on","_et_pb_old_content":"","_et_gb_content_width":"","footnotes":""},"class_list":["post-1441","page","type-page","status-publish","hentry"],"yoast_head":"<!-- This site is optimized with the Yoast SEO plugin v26.8 - https:\/\/yoast.com\/product\/yoast-seo-wordpress\/ -->\n<title>12. Folien mit Aufdruck | Kablonex<\/title>\n<meta name=\"robots\" content=\"index, follow, max-snippet:-1, max-image-preview:large, max-video-preview:-1\" \/>\n<link rel=\"canonical\" href=\"https:\/\/kablonex.pl\/de\/12-folien-mit-aufdruck\/\" \/>\n<meta property=\"og:locale\" content=\"de_DE\" \/>\n<meta property=\"og:type\" content=\"article\" \/>\n<meta property=\"og:title\" content=\"12. Folien mit Aufdruck | Kablonex\" \/>\n<meta property=\"og:description\" content=\"12. Folien mit Aufdruck Ein weltweiter Trend ist die Einf\u00fchrung von Verpackungsfolie mit Aufdruck. Der Ziel ist es, so dass das Produkt sich von anderen besonders im Laden auszeichnet. Dank der Anschaffung der 8- Farben Hochleistungs-Zentralzylinder-Flexodruckmaschine mit Sleevetechnologie, bieten wir unseren Kunden hochwertigen Aufdruck in HD- Qualit\u00e4t. Die Folie wird zur Herstellung von Verpackungen auf [&hellip;]\" \/>\n<meta property=\"og:url\" content=\"https:\/\/kablonex.pl\/de\/12-folien-mit-aufdruck\/\" \/>\n<meta property=\"og:site_name\" content=\"Kablonex\" \/>\n<meta property=\"article:modified_time\" content=\"2017-10-30T12:11:25+00:00\" \/>\n<meta name=\"twitter:card\" content=\"summary_large_image\" \/>\n<meta name=\"twitter:label1\" content=\"Gesch\u00e4tzte Lesezeit\" \/>\n\t<meta name=\"twitter:data1\" content=\"2\u00a0Minuten\" \/>\n<script type=\"application\/ld+json\" class=\"yoast-schema-graph\">{\"@context\":\"https:\/\/schema.org\",\"@graph\":[{\"@type\":\"WebPage\",\"@id\":\"https:\/\/kablonex.pl\/de\/12-folien-mit-aufdruck\/\",\"url\":\"https:\/\/kablonex.pl\/de\/12-folien-mit-aufdruck\/\",\"name\":\"12. Folien mit Aufdruck | Kablonex\",\"isPartOf\":{\"@id\":\"https:\/\/kablonex.pl\/#website\"},\"datePublished\":\"2017-10-30T12:11:22+00:00\",\"dateModified\":\"2017-10-30T12:11:25+00:00\",\"breadcrumb\":{\"@id\":\"https:\/\/kablonex.pl\/de\/12-folien-mit-aufdruck\/#breadcrumb\"},\"inLanguage\":\"de\",\"potentialAction\":[{\"@type\":\"ReadAction\",\"target\":[\"https:\/\/kablonex.pl\/de\/12-folien-mit-aufdruck\/\"]}]},{\"@type\":\"BreadcrumbList\",\"@id\":\"https:\/\/kablonex.pl\/de\/12-folien-mit-aufdruck\/#breadcrumb\",\"itemListElement\":[{\"@type\":\"ListItem\",\"position\":1,\"name\":\"Strona g\u0142\u00f3wna\",\"item\":\"https:\/\/kablonex.pl\/de\/\"},{\"@type\":\"ListItem\",\"position\":2,\"name\":\"12. Folien mit Aufdruck\"}]},{\"@type\":\"WebSite\",\"@id\":\"https:\/\/kablonex.pl\/#website\",\"url\":\"https:\/\/kablonex.pl\/\",\"name\":\"Kablonex\",\"description\":\"Kablonex Folie doskona\u0142e\",\"potentialAction\":[{\"@type\":\"SearchAction\",\"target\":{\"@type\":\"EntryPoint\",\"urlTemplate\":\"https:\/\/kablonex.pl\/?s={search_term_string}\"},\"query-input\":{\"@type\":\"PropertyValueSpecification\",\"valueRequired\":true,\"valueName\":\"search_term_string\"}}],\"inLanguage\":\"de\"}]}<\/script>\n<!-- \/ Yoast SEO plugin. -->","yoast_head_json":{"title":"12. Folien mit Aufdruck | Kablonex","robots":{"index":"index","follow":"follow","max-snippet":"max-snippet:-1","max-image-preview":"max-image-preview:large","max-video-preview":"max-video-preview:-1"},"canonical":"https:\/\/kablonex.pl\/de\/12-folien-mit-aufdruck\/","og_locale":"de_DE","og_type":"article","og_title":"12. Folien mit Aufdruck | Kablonex","og_description":"12. Folien mit Aufdruck Ein weltweiter Trend ist die Einf\u00fchrung von Verpackungsfolie mit Aufdruck. Der Ziel ist es, so dass das Produkt sich von anderen besonders im Laden auszeichnet. Dank der Anschaffung der 8- Farben Hochleistungs-Zentralzylinder-Flexodruckmaschine mit Sleevetechnologie, bieten wir unseren Kunden hochwertigen Aufdruck in HD- Qualit\u00e4t. Die Folie wird zur Herstellung von Verpackungen auf [&hellip;]","og_url":"https:\/\/kablonex.pl\/de\/12-folien-mit-aufdruck\/","og_site_name":"Kablonex","article_modified_time":"2017-10-30T12:11:25+00:00","twitter_card":"summary_large_image","twitter_misc":{"Gesch\u00e4tzte Lesezeit":"2\u00a0Minuten"},"schema":{"@context":"https:\/\/schema.org","@graph":[{"@type":"WebPage","@id":"https:\/\/kablonex.pl\/de\/12-folien-mit-aufdruck\/","url":"https:\/\/kablonex.pl\/de\/12-folien-mit-aufdruck\/","name":"12. Folien mit Aufdruck | Kablonex","isPartOf":{"@id":"https:\/\/kablonex.pl\/#website"},"datePublished":"2017-10-30T12:11:22+00:00","dateModified":"2017-10-30T12:11:25+00:00","breadcrumb":{"@id":"https:\/\/kablonex.pl\/de\/12-folien-mit-aufdruck\/#breadcrumb"},"inLanguage":"de","potentialAction":[{"@type":"ReadAction","target":["https:\/\/kablonex.pl\/de\/12-folien-mit-aufdruck\/"]}]},{"@type":"BreadcrumbList","@id":"https:\/\/kablonex.pl\/de\/12-folien-mit-aufdruck\/#breadcrumb","itemListElement":[{"@type":"ListItem","position":1,"name":"Strona g\u0142\u00f3wna","item":"https:\/\/kablonex.pl\/de\/"},{"@type":"ListItem","position":2,"name":"12. Folien mit Aufdruck"}]},{"@type":"WebSite","@id":"https:\/\/kablonex.pl\/#website","url":"https:\/\/kablonex.pl\/","name":"Kablonex","description":"Kablonex Folie doskona\u0142e","potentialAction":[{"@type":"SearchAction","target":{"@type":"EntryPoint","urlTemplate":"https:\/\/kablonex.pl\/?s={search_term_string}"},"query-input":{"@type":"PropertyValueSpecification","valueRequired":true,"valueName":"search_term_string"}}],"inLanguage":"de"}]}},"_links":{"self":[{"href":"https:\/\/kablonex.pl\/de\/wp-json\/wp\/v2\/pages\/1441","targetHints":{"allow":["GET"]}}],"collection":[{"href":"https:\/\/kablonex.pl\/de\/wp-json\/wp\/v2\/pages"}],"about":[{"href":"https:\/\/kablonex.pl\/de\/wp-json\/wp\/v2\/types\/page"}],"author":[{"embeddable":true,"href":"https:\/\/kablonex.pl\/de\/wp-json\/wp\/v2\/users\/1"}],"replies":[{"embeddable":true,"href":"https:\/\/kablonex.pl\/de\/wp-json\/wp\/v2\/comments?post=1441"}],"version-history":[{"count":3,"href":"https:\/\/kablonex.pl\/de\/wp-json\/wp\/v2\/pages\/1441\/revisions"}],"predecessor-version":[{"id":1444,"href":"https:\/\/kablonex.pl\/de\/wp-json\/wp\/v2\/pages\/1441\/revisions\/1444"}],"wp:attachment":[{"href":"https:\/\/kablonex.pl\/de\/wp-json\/wp\/v2\/media?parent=1441"}],"curies":[{"name":"wp","href":"https:\/\/api.w.org\/{rel}","templated":true}]}}