{"id":1426,"date":"2017-10-30T12:07:09","date_gmt":"2017-10-30T12:07:09","guid":{"rendered":"http:\/\/kablonex.pl\/10-folien-zur-verpackung-von-polistyrol-und-mineralwolle\/"},"modified":"2017-10-30T12:07:14","modified_gmt":"2017-10-30T12:07:14","slug":"10-folien-zur-verpackung-von-polistyrol-und-mineralwolle","status":"publish","type":"page","link":"https:\/\/kablonex.pl\/de\/10-folien-zur-verpackung-von-polistyrol-und-mineralwolle\/","title":{"rendered":"10. Folien zur Verpackung von Polistyrol und Mineralwolle"},"content":{"rendered":"<p>[et_pb_section admin_label=&#8220;section&#8220; transparent_background=&#8220;off&#8220; allow_player_pause=&#8220;off&#8220; inner_shadow=&#8220;off&#8220; parallax=&#8220;off&#8220; parallax_method=&#8220;off&#8220; padding_mobile=&#8220;off&#8220; make_fullwidth=&#8220;off&#8220; use_custom_width=&#8220;off&#8220; width_unit=&#8220;on&#8220; make_equal=&#8220;off&#8220; use_custom_gutter=&#8220;off&#8220; custom_css_main_element=&#8220;height:100%;&#8220;][et_pb_row admin_label=&#8220;row&#8220; make_fullwidth=&#8220;on&#8220; use_custom_width=&#8220;off&#8220; width_unit=&#8220;on&#8220; use_custom_gutter=&#8220;off&#8220; padding_mobile=&#8220;off&#8220; allow_player_pause=&#8220;off&#8220; parallax=&#8220;on&#8220; parallax_method=&#8220;off&#8220; make_equal=&#8220;off&#8220; parallax_1=&#8220;off&#8220; parallax_method_1=&#8220;off&#8220; parallax_2=&#8220;off&#8220; parallax_method_2=&#8220;off&#8220; column_padding_mobile=&#8220;on&#8220;][et_pb_column type=&#8220;1_3&#8243;][et_pb_sidebar admin_label=&#8220;Panel boczny&#8220; orientation=&#8220;left&#8220; area=&#8220;sidebar-1&#8243; background_layout=&#8220;light&#8220; remove_border=&#8220;off&#8220;] [\/et_pb_sidebar][\/et_pb_column][et_pb_column type=&#8220;2_3&#8243;][et_pb_text admin_label=&#8220;Tekst&#8220; background_layout=&#8220;light&#8220; text_orientation=&#8220;left&#8220; use_border_color=&#8220;off&#8220; border_color=&#8220;#ffffff&#8220; border_style=&#8220;solid&#8220; header_font_size=&#8220;1px&#8220; text_font_size=&#8220;23&#8243; text_line_height=&#8220;1em&#8220; custom_margin=&#8220;30px||10px|&#8220;] <strong>10. Folien zur Verpackung von Polistyrol und Mineralwolle<\/strong> [\/et_pb_text][et_pb_image admin_label=&#8220;Obraz&#8220; src=&#8220;http:\/\/logos-net.pl\/kablonex\/wp-content\/uploads\/2017\/01\/DSC_0376.jpg&#8220; show_in_lightbox=&#8220;off&#8220; url_new_window=&#8220;off&#8220; use_overlay=&#8220;off&#8220; animation=&#8220;left&#8220; sticky=&#8220;off&#8220; align=&#8220;left&#8220; force_fullwidth=&#8220;off&#8220; always_center_on_mobile=&#8220;on&#8220; use_border_color=&#8220;off&#8220; border_color=&#8220;#ffffff&#8220; border_style=&#8220;solid&#8220;] [\/et_pb_image][et_pb_tabs admin_label=&#8220;Zak\u0142adki&#8220; use_border_color=&#8220;off&#8220; border_color=&#8220;#ffffff&#8220; border_style=&#8220;solid&#8220;] [et_pb_tab title=&#8220;Anwendung&#8220; tab_font_select=&#8220;default&#8220; tab_font=&#8220;||||&#8220; tab_line_height=&#8220;2em&#8220; tab_line_height_tablet=&#8220;2em&#8220; tab_line_height_phone=&#8220;2em&#8220; body_font_select=&#8220;default&#8220; body_font=&#8220;||||&#8220; body_line_height=&#8220;2em&#8220; body_line_height_tablet=&#8220;2em&#8220; body_line_height_phone=&#8220;2em&#8220;] Die Flachfolie ist ideal geeignet zur Verpackung von Polistyrol und Mineralwolle.<\/p>\n<p>Die Hauptmerkmale der Folie sind sehr gute Schwei\u00dfparameter, Festigkeit der Folie und d\u00fcnne St\u00e4rke 15\u03bcm bis 25\u03bcm. Die M\u00f6glichkeit bis 8 Farben- Aufdruck in der HD- Flexoausf\u00fchrung. [\/et_pb_tab][et_pb_tab title=&#8220;M\u00f6glichkeiten und Charakteristik&#8220; tab_font_select=&#8220;default&#8220; tab_font=&#8220;||||&#8220; tab_line_height=&#8220;2em&#8220; tab_line_height_tablet=&#8220;2em&#8220; tab_line_height_phone=&#8220;2em&#8220; body_font_select=&#8220;default&#8220; body_font=&#8220;||||&#8220; body_line_height=&#8220;2em&#8220; body_line_height_tablet=&#8220;2em&#8220; body_line_height_phone=&#8220;2em&#8220;]<\/p>\n<p>Folienart: Schlauchfolien, Seitenfaltenschlauchfolien, Halbschlauchfolien und Flachfolien. Die Folien k\u00f6nnen mit verschiedenen Zusatzstoffen produziert werden, die Ihre Parameter deutlich verbessern:<\/p>\n<ul>\n<li>Antiblock- verringert die Gleitf\u00e4higkeit der Folie<\/li>\n<li>Gleitmittel- erh\u00f6ht die Gleitf\u00e4higkeit der Folie<\/li>\n<li>UV- Stabilisatoren &#8211; sch\u00fctzen vor der sch\u00e4dlichen Einwirkung von UV-Strahlen<\/li>\n<li>Antistatik-Zus\u00e4tze<strong> &#8211;<\/strong> sie beugen dem &#8222;Elektrisierungseffekt&#8220; vor, der h\u00e4ufig bei LDPE oder HDPE Folien festgestellt werden kann<\/li>\n<li>Farbstoff- Folien in allen Farben<\/li>\n<\/ul>\n<p>[\/et_pb_tab] [\/et_pb_tabs][\/et_pb_column][\/et_pb_row][\/et_pb_section]<\/p>\n","protected":false},"excerpt":{"rendered":"<p>10. Folien zur Verpackung von Polistyrol und Mineralwolle Die Flachfolie ist ideal geeignet zur Verpackung von Polistyrol und Mineralwolle. Die Hauptmerkmale der Folie sind sehr gute Schwei\u00dfparameter, Festigkeit der Folie und d\u00fcnne St\u00e4rke 15\u03bcm bis 25\u03bcm. Die M\u00f6glichkeit bis 8 Farben- Aufdruck in der HD- Flexoausf\u00fchrung. Folienart: Schlauchfolien, Seitenfaltenschlauchfolien, Halbschlauchfolien und Flachfolien. Die Folien k\u00f6nnen [&hellip;]<\/p>\n","protected":false},"author":1,"featured_media":0,"parent":0,"menu_order":0,"comment_status":"closed","ping_status":"closed","template":"","meta":{"_et_pb_use_builder":"on","_et_pb_old_content":"","_et_gb_content_width":"","footnotes":""},"class_list":["post-1426","page","type-page","status-publish","hentry"],"yoast_head":"<!-- This site is optimized with the Yoast SEO plugin v26.8 - https:\/\/yoast.com\/product\/yoast-seo-wordpress\/ -->\n<title>10. Folien zur Verpackung von Polistyrol und Mineralwolle | Kablonex<\/title>\n<meta name=\"robots\" content=\"index, follow, max-snippet:-1, max-image-preview:large, max-video-preview:-1\" \/>\n<link rel=\"canonical\" href=\"https:\/\/kablonex.pl\/de\/10-folien-zur-verpackung-von-polistyrol-und-mineralwolle\/\" \/>\n<meta property=\"og:locale\" content=\"de_DE\" \/>\n<meta property=\"og:type\" content=\"article\" \/>\n<meta property=\"og:title\" content=\"10. Folien zur Verpackung von Polistyrol und Mineralwolle | Kablonex\" \/>\n<meta property=\"og:description\" content=\"10. Folien zur Verpackung von Polistyrol und Mineralwolle Die Flachfolie ist ideal geeignet zur Verpackung von Polistyrol und Mineralwolle. Die Hauptmerkmale der Folie sind sehr gute Schwei\u00dfparameter, Festigkeit der Folie und d\u00fcnne St\u00e4rke 15\u03bcm bis 25\u03bcm. Die M\u00f6glichkeit bis 8 Farben- Aufdruck in der HD- Flexoausf\u00fchrung. Folienart: Schlauchfolien, Seitenfaltenschlauchfolien, Halbschlauchfolien und Flachfolien. Die Folien k\u00f6nnen [&hellip;]\" \/>\n<meta property=\"og:url\" content=\"https:\/\/kablonex.pl\/de\/10-folien-zur-verpackung-von-polistyrol-und-mineralwolle\/\" \/>\n<meta property=\"og:site_name\" content=\"Kablonex\" \/>\n<meta property=\"article:modified_time\" content=\"2017-10-30T12:07:14+00:00\" \/>\n<meta name=\"twitter:card\" content=\"summary_large_image\" \/>\n<meta name=\"twitter:label1\" content=\"Gesch\u00e4tzte Lesezeit\" \/>\n\t<meta name=\"twitter:data1\" content=\"2\u00a0Minuten\" \/>\n<script type=\"application\/ld+json\" class=\"yoast-schema-graph\">{\"@context\":\"https:\/\/schema.org\",\"@graph\":[{\"@type\":\"WebPage\",\"@id\":\"https:\/\/kablonex.pl\/de\/10-folien-zur-verpackung-von-polistyrol-und-mineralwolle\/\",\"url\":\"https:\/\/kablonex.pl\/de\/10-folien-zur-verpackung-von-polistyrol-und-mineralwolle\/\",\"name\":\"10. Folien zur Verpackung von Polistyrol und Mineralwolle | Kablonex\",\"isPartOf\":{\"@id\":\"https:\/\/kablonex.pl\/#website\"},\"datePublished\":\"2017-10-30T12:07:09+00:00\",\"dateModified\":\"2017-10-30T12:07:14+00:00\",\"breadcrumb\":{\"@id\":\"https:\/\/kablonex.pl\/de\/10-folien-zur-verpackung-von-polistyrol-und-mineralwolle\/#breadcrumb\"},\"inLanguage\":\"de\",\"potentialAction\":[{\"@type\":\"ReadAction\",\"target\":[\"https:\/\/kablonex.pl\/de\/10-folien-zur-verpackung-von-polistyrol-und-mineralwolle\/\"]}]},{\"@type\":\"BreadcrumbList\",\"@id\":\"https:\/\/kablonex.pl\/de\/10-folien-zur-verpackung-von-polistyrol-und-mineralwolle\/#breadcrumb\",\"itemListElement\":[{\"@type\":\"ListItem\",\"position\":1,\"name\":\"Strona g\u0142\u00f3wna\",\"item\":\"https:\/\/kablonex.pl\/de\/\"},{\"@type\":\"ListItem\",\"position\":2,\"name\":\"10. Folien zur Verpackung von Polistyrol und Mineralwolle\"}]},{\"@type\":\"WebSite\",\"@id\":\"https:\/\/kablonex.pl\/#website\",\"url\":\"https:\/\/kablonex.pl\/\",\"name\":\"Kablonex\",\"description\":\"Kablonex Folie doskona\u0142e\",\"potentialAction\":[{\"@type\":\"SearchAction\",\"target\":{\"@type\":\"EntryPoint\",\"urlTemplate\":\"https:\/\/kablonex.pl\/?s={search_term_string}\"},\"query-input\":{\"@type\":\"PropertyValueSpecification\",\"valueRequired\":true,\"valueName\":\"search_term_string\"}}],\"inLanguage\":\"de\"}]}<\/script>\n<!-- \/ Yoast SEO plugin. -->","yoast_head_json":{"title":"10. Folien zur Verpackung von Polistyrol und Mineralwolle | Kablonex","robots":{"index":"index","follow":"follow","max-snippet":"max-snippet:-1","max-image-preview":"max-image-preview:large","max-video-preview":"max-video-preview:-1"},"canonical":"https:\/\/kablonex.pl\/de\/10-folien-zur-verpackung-von-polistyrol-und-mineralwolle\/","og_locale":"de_DE","og_type":"article","og_title":"10. Folien zur Verpackung von Polistyrol und Mineralwolle | Kablonex","og_description":"10. Folien zur Verpackung von Polistyrol und Mineralwolle Die Flachfolie ist ideal geeignet zur Verpackung von Polistyrol und Mineralwolle. Die Hauptmerkmale der Folie sind sehr gute Schwei\u00dfparameter, Festigkeit der Folie und d\u00fcnne St\u00e4rke 15\u03bcm bis 25\u03bcm. Die M\u00f6glichkeit bis 8 Farben- Aufdruck in der HD- Flexoausf\u00fchrung. Folienart: Schlauchfolien, Seitenfaltenschlauchfolien, Halbschlauchfolien und Flachfolien. Die Folien k\u00f6nnen [&hellip;]","og_url":"https:\/\/kablonex.pl\/de\/10-folien-zur-verpackung-von-polistyrol-und-mineralwolle\/","og_site_name":"Kablonex","article_modified_time":"2017-10-30T12:07:14+00:00","twitter_card":"summary_large_image","twitter_misc":{"Gesch\u00e4tzte Lesezeit":"2\u00a0Minuten"},"schema":{"@context":"https:\/\/schema.org","@graph":[{"@type":"WebPage","@id":"https:\/\/kablonex.pl\/de\/10-folien-zur-verpackung-von-polistyrol-und-mineralwolle\/","url":"https:\/\/kablonex.pl\/de\/10-folien-zur-verpackung-von-polistyrol-und-mineralwolle\/","name":"10. Folien zur Verpackung von Polistyrol und Mineralwolle | Kablonex","isPartOf":{"@id":"https:\/\/kablonex.pl\/#website"},"datePublished":"2017-10-30T12:07:09+00:00","dateModified":"2017-10-30T12:07:14+00:00","breadcrumb":{"@id":"https:\/\/kablonex.pl\/de\/10-folien-zur-verpackung-von-polistyrol-und-mineralwolle\/#breadcrumb"},"inLanguage":"de","potentialAction":[{"@type":"ReadAction","target":["https:\/\/kablonex.pl\/de\/10-folien-zur-verpackung-von-polistyrol-und-mineralwolle\/"]}]},{"@type":"BreadcrumbList","@id":"https:\/\/kablonex.pl\/de\/10-folien-zur-verpackung-von-polistyrol-und-mineralwolle\/#breadcrumb","itemListElement":[{"@type":"ListItem","position":1,"name":"Strona g\u0142\u00f3wna","item":"https:\/\/kablonex.pl\/de\/"},{"@type":"ListItem","position":2,"name":"10. Folien zur Verpackung von Polistyrol und Mineralwolle"}]},{"@type":"WebSite","@id":"https:\/\/kablonex.pl\/#website","url":"https:\/\/kablonex.pl\/","name":"Kablonex","description":"Kablonex Folie doskona\u0142e","potentialAction":[{"@type":"SearchAction","target":{"@type":"EntryPoint","urlTemplate":"https:\/\/kablonex.pl\/?s={search_term_string}"},"query-input":{"@type":"PropertyValueSpecification","valueRequired":true,"valueName":"search_term_string"}}],"inLanguage":"de"}]}},"_links":{"self":[{"href":"https:\/\/kablonex.pl\/de\/wp-json\/wp\/v2\/pages\/1426","targetHints":{"allow":["GET"]}}],"collection":[{"href":"https:\/\/kablonex.pl\/de\/wp-json\/wp\/v2\/pages"}],"about":[{"href":"https:\/\/kablonex.pl\/de\/wp-json\/wp\/v2\/types\/page"}],"author":[{"embeddable":true,"href":"https:\/\/kablonex.pl\/de\/wp-json\/wp\/v2\/users\/1"}],"replies":[{"embeddable":true,"href":"https:\/\/kablonex.pl\/de\/wp-json\/wp\/v2\/comments?post=1426"}],"version-history":[{"count":5,"href":"https:\/\/kablonex.pl\/de\/wp-json\/wp\/v2\/pages\/1426\/revisions"}],"predecessor-version":[{"id":1431,"href":"https:\/\/kablonex.pl\/de\/wp-json\/wp\/v2\/pages\/1426\/revisions\/1431"}],"wp:attachment":[{"href":"https:\/\/kablonex.pl\/de\/wp-json\/wp\/v2\/media?parent=1426"}],"curies":[{"name":"wp","href":"https:\/\/api.w.org\/{rel}","templated":true}]}}