{"id":1359,"date":"2017-10-30T11:26:30","date_gmt":"2017-10-30T11:26:30","guid":{"rendered":"http:\/\/kablonex.pl\/4-sacke-hauben-folienzuschnitte\/4-2-hauben\/"},"modified":"2017-10-30T11:26:33","modified_gmt":"2017-10-30T11:26:33","slug":"4-2-hauben","status":"publish","type":"page","link":"https:\/\/kablonex.pl\/de\/4-sacke-hauben-folienzuschnitte\/4-2-hauben\/","title":{"rendered":"4.2. Hauben"},"content":{"rendered":"<p>[et_pb_section bb_built=&#8220;1&#8243; admin_label=&#8220;section&#8220; padding_mobile=&#8220;off&#8220; custom_css_main_element=&#8220;height:100%;&#8220;][et_pb_row admin_label=&#8220;row&#8220; make_fullwidth=&#8220;on&#8220; padding_mobile=&#8220;off&#8220; parallax=&#8220;on&#8220; parallax_method=&#8220;off&#8220; column_padding_mobile=&#8220;on&#8220; parallax_method_1=&#8220;off&#8220; parallax_method_2=&#8220;off&#8220;][et_pb_column type=&#8220;1_3&#8243;][et_pb_sidebar admin_label=&#8220;Panel boczny&#8220; area=&#8220;sidebar-1&#8243;]<br \/>\n[\/et_pb_sidebar][\/et_pb_column][et_pb_column type=&#8220;2_3&#8243;][et_pb_text admin_label=&#8220;Tekst&#8220; header_font_size=&#8220;1px&#8220; text_font_size=&#8220;23&#8243; text_line_height=&#8220;1em&#8220; custom_margin=&#8220;30px||10px|&#8220; background_layout=&#8220;light&#8220; text_orientation=&#8220;left&#8220; use_border_color=&#8220;off&#8220; border_color=&#8220;#ffffff&#8220; border_style=&#8220;solid&#8220;]<\/p>\n<p><strong>4.2. Hauben <\/strong><\/p>\n<p>[\/et_pb_text][et_pb_image admin_label=&#8220;Obraz&#8220; src=&#8220;http:\/\/logos-net.pl\/kablonex\/wp-content\/uploads\/2017\/04\/IMG_1776-wh400.jpg&#8220;]<br \/>\n[\/et_pb_image][et_pb_tabs admin_label=&#8220;Zak\u0142adki&#8220;] [et_pb_tab title=&#8220;Anwendung&#8220; tab_font=&#8220;||||&#8220; tab_line_height=&#8220;2em&#8220; tab_line_height_tablet=&#8220;2em&#8220; tab_line_height_phone=&#8220;2em&#8220; body_font=&#8220;||||&#8220; body_line_height=&#8220;2em&#8220; body_line_height_tablet=&#8220;2em&#8220; body_line_height_phone=&#8220;2em&#8220;]<\/p>\n<p>Die Hauptmerkmale von Schrumpfhauben sind sehr gute Schrumpfwerte. Sie passen sich an die Form des verpackten Produktes an. Dank dieser Eigenschaften sind ideal geeignet zur Sicherung von Palettenladungen, sch\u00fctzen die Ware auf dem Transportweg vor Besch\u00e4digung und eignen sich f\u00fcr die Lagerung. Die M\u00f6glichkeit des Aufdrucks in 5 Farben.<\/p>\n<p>[\/et_pb_tab] [\/et_pb_tabs][\/et_pb_column][\/et_pb_row][\/et_pb_section]<\/p>\n","protected":false},"excerpt":{"rendered":"<p>4.2. Hauben Die Hauptmerkmale von Schrumpfhauben sind sehr gute Schrumpfwerte. Sie passen sich an die Form des verpackten Produktes an. Dank dieser Eigenschaften sind ideal geeignet zur Sicherung von Palettenladungen, sch\u00fctzen die Ware auf dem Transportweg vor Besch\u00e4digung und eignen sich f\u00fcr die Lagerung. Die M\u00f6glichkeit des Aufdrucks in 5 Farben.<\/p>\n","protected":false},"author":1,"featured_media":0,"parent":1348,"menu_order":0,"comment_status":"closed","ping_status":"closed","template":"","meta":{"_et_pb_use_builder":"on","_et_pb_old_content":"","_et_gb_content_width":"","footnotes":""},"class_list":["post-1359","page","type-page","status-publish","hentry"],"yoast_head":"<!-- This site is optimized with the Yoast SEO plugin v26.8 - https:\/\/yoast.com\/product\/yoast-seo-wordpress\/ -->\n<title>4.2. Hauben | Kablonex<\/title>\n<meta name=\"robots\" content=\"index, follow, max-snippet:-1, max-image-preview:large, max-video-preview:-1\" \/>\n<link rel=\"canonical\" href=\"https:\/\/kablonex.pl\/de\/4-sacke-hauben-folienzuschnitte\/4-2-hauben\/\" \/>\n<meta property=\"og:locale\" content=\"de_DE\" \/>\n<meta property=\"og:type\" content=\"article\" \/>\n<meta property=\"og:title\" content=\"4.2. Hauben | Kablonex\" \/>\n<meta property=\"og:description\" content=\"4.2. Hauben Die Hauptmerkmale von Schrumpfhauben sind sehr gute Schrumpfwerte. Sie passen sich an die Form des verpackten Produktes an. Dank dieser Eigenschaften sind ideal geeignet zur Sicherung von Palettenladungen, sch\u00fctzen die Ware auf dem Transportweg vor Besch\u00e4digung und eignen sich f\u00fcr die Lagerung. Die M\u00f6glichkeit des Aufdrucks in 5 Farben.\" \/>\n<meta property=\"og:url\" content=\"https:\/\/kablonex.pl\/de\/4-sacke-hauben-folienzuschnitte\/4-2-hauben\/\" \/>\n<meta property=\"og:site_name\" content=\"Kablonex\" \/>\n<meta property=\"article:modified_time\" content=\"2017-10-30T11:26:33+00:00\" \/>\n<meta name=\"twitter:card\" content=\"summary_large_image\" \/>\n<meta name=\"twitter:label1\" content=\"Gesch\u00e4tzte Lesezeit\" \/>\n\t<meta name=\"twitter:data1\" content=\"1\u00a0Minute\" \/>\n<script type=\"application\/ld+json\" class=\"yoast-schema-graph\">{\"@context\":\"https:\/\/schema.org\",\"@graph\":[{\"@type\":\"WebPage\",\"@id\":\"https:\/\/kablonex.pl\/de\/4-sacke-hauben-folienzuschnitte\/4-2-hauben\/\",\"url\":\"https:\/\/kablonex.pl\/de\/4-sacke-hauben-folienzuschnitte\/4-2-hauben\/\",\"name\":\"4.2. Hauben | Kablonex\",\"isPartOf\":{\"@id\":\"https:\/\/kablonex.pl\/#website\"},\"datePublished\":\"2017-10-30T11:26:30+00:00\",\"dateModified\":\"2017-10-30T11:26:33+00:00\",\"breadcrumb\":{\"@id\":\"https:\/\/kablonex.pl\/de\/4-sacke-hauben-folienzuschnitte\/4-2-hauben\/#breadcrumb\"},\"inLanguage\":\"de\",\"potentialAction\":[{\"@type\":\"ReadAction\",\"target\":[\"https:\/\/kablonex.pl\/de\/4-sacke-hauben-folienzuschnitte\/4-2-hauben\/\"]}]},{\"@type\":\"BreadcrumbList\",\"@id\":\"https:\/\/kablonex.pl\/de\/4-sacke-hauben-folienzuschnitte\/4-2-hauben\/#breadcrumb\",\"itemListElement\":[{\"@type\":\"ListItem\",\"position\":1,\"name\":\"Strona g\u0142\u00f3wna\",\"item\":\"https:\/\/kablonex.pl\/de\/\"},{\"@type\":\"ListItem\",\"position\":2,\"name\":\"4. S\u00e4cke, Hauben, Folienzuschnitte\",\"item\":\"https:\/\/kablonex.pl\/de\/4-sacke-hauben-folienzuschnitte\/\"},{\"@type\":\"ListItem\",\"position\":3,\"name\":\"4.2. Hauben\"}]},{\"@type\":\"WebSite\",\"@id\":\"https:\/\/kablonex.pl\/#website\",\"url\":\"https:\/\/kablonex.pl\/\",\"name\":\"Kablonex\",\"description\":\"Kablonex Folie doskona\u0142e\",\"potentialAction\":[{\"@type\":\"SearchAction\",\"target\":{\"@type\":\"EntryPoint\",\"urlTemplate\":\"https:\/\/kablonex.pl\/?s={search_term_string}\"},\"query-input\":{\"@type\":\"PropertyValueSpecification\",\"valueRequired\":true,\"valueName\":\"search_term_string\"}}],\"inLanguage\":\"de\"}]}<\/script>\n<!-- \/ Yoast SEO plugin. -->","yoast_head_json":{"title":"4.2. Hauben | Kablonex","robots":{"index":"index","follow":"follow","max-snippet":"max-snippet:-1","max-image-preview":"max-image-preview:large","max-video-preview":"max-video-preview:-1"},"canonical":"https:\/\/kablonex.pl\/de\/4-sacke-hauben-folienzuschnitte\/4-2-hauben\/","og_locale":"de_DE","og_type":"article","og_title":"4.2. Hauben | Kablonex","og_description":"4.2. Hauben Die Hauptmerkmale von Schrumpfhauben sind sehr gute Schrumpfwerte. Sie passen sich an die Form des verpackten Produktes an. Dank dieser Eigenschaften sind ideal geeignet zur Sicherung von Palettenladungen, sch\u00fctzen die Ware auf dem Transportweg vor Besch\u00e4digung und eignen sich f\u00fcr die Lagerung. Die M\u00f6glichkeit des Aufdrucks in 5 Farben.","og_url":"https:\/\/kablonex.pl\/de\/4-sacke-hauben-folienzuschnitte\/4-2-hauben\/","og_site_name":"Kablonex","article_modified_time":"2017-10-30T11:26:33+00:00","twitter_card":"summary_large_image","twitter_misc":{"Gesch\u00e4tzte Lesezeit":"1\u00a0Minute"},"schema":{"@context":"https:\/\/schema.org","@graph":[{"@type":"WebPage","@id":"https:\/\/kablonex.pl\/de\/4-sacke-hauben-folienzuschnitte\/4-2-hauben\/","url":"https:\/\/kablonex.pl\/de\/4-sacke-hauben-folienzuschnitte\/4-2-hauben\/","name":"4.2. Hauben | Kablonex","isPartOf":{"@id":"https:\/\/kablonex.pl\/#website"},"datePublished":"2017-10-30T11:26:30+00:00","dateModified":"2017-10-30T11:26:33+00:00","breadcrumb":{"@id":"https:\/\/kablonex.pl\/de\/4-sacke-hauben-folienzuschnitte\/4-2-hauben\/#breadcrumb"},"inLanguage":"de","potentialAction":[{"@type":"ReadAction","target":["https:\/\/kablonex.pl\/de\/4-sacke-hauben-folienzuschnitte\/4-2-hauben\/"]}]},{"@type":"BreadcrumbList","@id":"https:\/\/kablonex.pl\/de\/4-sacke-hauben-folienzuschnitte\/4-2-hauben\/#breadcrumb","itemListElement":[{"@type":"ListItem","position":1,"name":"Strona g\u0142\u00f3wna","item":"https:\/\/kablonex.pl\/de\/"},{"@type":"ListItem","position":2,"name":"4. S\u00e4cke, Hauben, Folienzuschnitte","item":"https:\/\/kablonex.pl\/de\/4-sacke-hauben-folienzuschnitte\/"},{"@type":"ListItem","position":3,"name":"4.2. Hauben"}]},{"@type":"WebSite","@id":"https:\/\/kablonex.pl\/#website","url":"https:\/\/kablonex.pl\/","name":"Kablonex","description":"Kablonex Folie doskona\u0142e","potentialAction":[{"@type":"SearchAction","target":{"@type":"EntryPoint","urlTemplate":"https:\/\/kablonex.pl\/?s={search_term_string}"},"query-input":{"@type":"PropertyValueSpecification","valueRequired":true,"valueName":"search_term_string"}}],"inLanguage":"de"}]}},"_links":{"self":[{"href":"https:\/\/kablonex.pl\/de\/wp-json\/wp\/v2\/pages\/1359","targetHints":{"allow":["GET"]}}],"collection":[{"href":"https:\/\/kablonex.pl\/de\/wp-json\/wp\/v2\/pages"}],"about":[{"href":"https:\/\/kablonex.pl\/de\/wp-json\/wp\/v2\/types\/page"}],"author":[{"embeddable":true,"href":"https:\/\/kablonex.pl\/de\/wp-json\/wp\/v2\/users\/1"}],"replies":[{"embeddable":true,"href":"https:\/\/kablonex.pl\/de\/wp-json\/wp\/v2\/comments?post=1359"}],"version-history":[{"count":3,"href":"https:\/\/kablonex.pl\/de\/wp-json\/wp\/v2\/pages\/1359\/revisions"}],"predecessor-version":[{"id":1362,"href":"https:\/\/kablonex.pl\/de\/wp-json\/wp\/v2\/pages\/1359\/revisions\/1362"}],"up":[{"embeddable":true,"href":"https:\/\/kablonex.pl\/de\/wp-json\/wp\/v2\/pages\/1348"}],"wp:attachment":[{"href":"https:\/\/kablonex.pl\/de\/wp-json\/wp\/v2\/media?parent=1359"}],"curies":[{"name":"wp","href":"https:\/\/api.w.org\/{rel}","templated":true}]}}