{"id":1305,"date":"2017-10-30T10:42:14","date_gmt":"2017-10-30T10:42:14","guid":{"rendered":"http:\/\/kablonex.pl\/folien-zur-sicherung-von-palettenladungen\/stretch-hood-schlauchfolien\/"},"modified":"2018-03-12T10:54:35","modified_gmt":"2018-03-12T10:54:35","slug":"stretch-hood-schlauchfolien","status":"publish","type":"page","link":"https:\/\/kablonex.pl\/de\/folien-zur-sicherung-von-palettenladungen\/stretch-hood-schlauchfolien\/","title":{"rendered":"Stretch-Hood-Schlauchfolien"},"content":{"rendered":"<p>[et_pb_section fb_built=&#8220;1&#8243; admin_label=&#8220;section&#8220; custom_padding_last_edited=&#8220;on|desktop&#8220; _builder_version=&#8220;3.0.47&#8243; custom_padding_tablet=&#8220;50px|0|50px|0&#8243; custom_css_main_element=&#8220;height:100%;&#8220; padding_mobile=&#8220;off&#8220;][et_pb_row make_fullwidth=&#8220;on&#8220; padding_mobile=&#8220;off&#8220; column_padding_mobile=&#8220;on&#8220; parallax_method_1=&#8220;off&#8220; parallax_method_2=&#8220;off&#8220; admin_label=&#8220;row&#8220; _builder_version=&#8220;3.0.47&#8243; parallax=&#8220;on&#8220; parallax_method=&#8220;off&#8220;][et_pb_column type=&#8220;1_3&#8243; _builder_version=&#8220;3.0.47&#8243; column_padding_mobile=&#8220;on&#8220; parallax=&#8220;off&#8220; parallax_method=&#8220;off&#8220;][et_pb_sidebar area=&#8220;sidebar-1&#8243; admin_label=&#8220;Panel boczny&#8220; _builder_version=&#8220;3.0.47&#8243;][\/et_pb_sidebar][\/et_pb_column][et_pb_column type=&#8220;2_3&#8243; _builder_version=&#8220;3.0.47&#8243; column_padding_mobile=&#8220;on&#8220; parallax=&#8220;off&#8220; parallax_method=&#8220;off&#8220;][et_pb_text admin_label=&#8220;Tekst&#8220; _builder_version=&#8220;3.0.47&#8243; text_font_size=&#8220;23&#8243; text_line_height=&#8220;1em&#8220; header_font_size=&#8220;1px&#8220; background_size=&#8220;initial&#8220; background_position=&#8220;top_left&#8220; background_repeat=&#8220;repeat&#8220; custom_margin=&#8220;30px||10px|&#8220;]<strong>1.2\u00a0Stretch-Hood-Schlauchfolien<\/strong><br \/>\n[\/et_pb_text][et_pb_image src=&#8220;http:\/\/logos-net.pl\/kablonex\/wp-content\/uploads\/2017\/04\/IMG_1765-wh400.jpg&#8220; admin_label=&#8220;Obraz&#8220; _builder_version=&#8220;3.0.47&#8243; animation_style=&#8220;slide&#8220; animation_direction=&#8220;left&#8220; animation_duration=&#8220;500ms&#8220; animation_intensity_slide=&#8220;10%&#8220;][\/et_pb_image][et_pb_tabs admin_label=&#8220;Zak\u0142adki&#8220; _builder_version=&#8220;3.0.47&#8243; background_size=&#8220;initial&#8220; background_position=&#8220;top_left&#8220; background_repeat=&#8220;repeat&#8220;][et_pb_tab title=&#8220;Anwendung&#8220; _builder_version=&#8220;3.0.47&#8243; tab_font=&#8220;||||&#8220; tab_line_height=&#8220;2em&#8220; tab_line_height_tablet=&#8220;2em&#8220; tab_line_height_phone=&#8220;2em&#8220; body_font=&#8220;||||&#8220; body_line_height=&#8220;2em&#8220; body_line_height_tablet=&#8220;2em&#8220; body_line_height_phone=&#8220;2em&#8220; background_size=&#8220;initial&#8220; background_position=&#8220;top_left&#8220; background_repeat=&#8220;repeat&#8220;]<\/p>\n<p>Stretch-Hood ist ein hochelastisches Material, das in erster Phase mechanisch ausgedehnt wird. In zweiter Phase wird es auf die schutzbed\u00fcrftigen Ware appliziert, wobei es in die Anfangsgr\u00f6\u00dfe zur\u00fcck schrumpft und passt sich an die Form des gesch\u00fctzten Erzeugnisses an.\u00a0 Die Breite und St\u00e4rke der Folie ist kleiner als bei Schrumpfschlauchfolien. Stretch Hood garantiert eine gr\u00f6\u00dfere Stabilit\u00e4t und einen ausgezeichneten Schutz der verpackten Produkte im Bau und in Chemiebranchen.<\/p>\n<p><span style=\"font-size: 14px;\">Geeignet f\u00fcr Verpackungslinien: Lechenmeier, Baumer, MSK<\/span><\/p>\n<p>[\/et_pb_tab][et_pb_tab title=&#8220;Produktionsm\u00f6glichkeiten&#8220; _builder_version=&#8220;3.0.47&#8243; tab_font=&#8220;||||&#8220; tab_line_height=&#8220;2em&#8220; tab_line_height_tablet=&#8220;2em&#8220; tab_line_height_phone=&#8220;2em&#8220; body_font=&#8220;||||&#8220; body_line_height=&#8220;2em&#8220; body_line_height_tablet=&#8220;2em&#8220; body_line_height_phone=&#8220;2em&#8220; background_size=&#8220;initial&#8220; background_position=&#8220;top_left&#8220; background_repeat=&#8220;repeat&#8220;]<\/p>\n<p>Folienarten: Schlauchfolien, Seitenfaltenschlauchfolien, Halbschlauchfolien und Flachfolien. Die Folien k\u00f6nnen mit verschiedenen Zusatzstoffen produziert werden, die Ihre Parameter deutlich verbessern:<\/p>\n<p>&nbsp;<\/p>\n<ul>\n<li>Antiblock- verringert die Gleitf\u00e4higkeit der Folie<\/li>\n<li>Gleitmittel- erh\u00f6ht die Gleitf\u00e4higkeit der Folie<\/li>\n<li>UV- Stabilisatoren &#8211; sch\u00fctzen vor der sch\u00e4dlichen Einwirkung von UV-Strahlen<\/li>\n<li>Antistatik-Zus\u00e4tze<strong> &#8211;<\/strong> sie beugen dem &#8222;Elektrisierungseffekt&#8220; vor, der h\u00e4ufig bei LDPE oder HDPE Folien festgestellt werden kann<\/li>\n<li>Farbstoff- Folien in allen Farben<\/li>\n<\/ul>\n<p>&nbsp;<\/p>\n<p>Produktionsm\u00f6glichkeiten<\/p>\n<ul>\n<li>Schichtenmenge: 3- Schicht,- und 5- Schichtlinien<\/li>\n<li>Breite: 100mm-1800mm<\/li>\n<li>St\u00e4rke: 20\u03bcm \u2013 200\u03bcm<\/li>\n<li>Rollendurchmesser: do 1000mm<\/li>\n<li>H\u00fclsen: fi 76, fi 152<\/li>\n<\/ul>\n<p>[\/et_pb_tab][\/et_pb_tabs][\/et_pb_column][\/et_pb_row][\/et_pb_section]<\/p>\n","protected":false},"excerpt":{"rendered":"<p>1.2\u00a0Stretch-Hood-Schlauchfolien Stretch-Hood ist ein hochelastisches Material, das in erster Phase mechanisch ausgedehnt wird. In zweiter Phase wird es auf die schutzbed\u00fcrftigen Ware appliziert, wobei es in die Anfangsgr\u00f6\u00dfe zur\u00fcck schrumpft und passt sich an die Form des gesch\u00fctzten Erzeugnisses an.\u00a0 Die Breite und St\u00e4rke der Folie ist kleiner als bei Schrumpfschlauchfolien. Stretch Hood garantiert eine [&hellip;]<\/p>\n","protected":false},"author":1,"featured_media":0,"parent":1289,"menu_order":0,"comment_status":"closed","ping_status":"closed","template":"","meta":{"_et_pb_use_builder":"on","_et_pb_old_content":"","_et_gb_content_width":"","footnotes":""},"class_list":["post-1305","page","type-page","status-publish","hentry"],"yoast_head":"<!-- This site is optimized with the Yoast SEO plugin v26.8 - https:\/\/yoast.com\/product\/yoast-seo-wordpress\/ -->\n<title>Stretch-Hood-Schlauchfolien | Kablonex<\/title>\n<meta name=\"robots\" content=\"index, follow, max-snippet:-1, max-image-preview:large, max-video-preview:-1\" \/>\n<link rel=\"canonical\" href=\"https:\/\/kablonex.pl\/de\/folien-zur-sicherung-von-palettenladungen\/stretch-hood-schlauchfolien\/\" \/>\n<meta property=\"og:locale\" content=\"de_DE\" \/>\n<meta property=\"og:type\" content=\"article\" \/>\n<meta property=\"og:title\" content=\"Stretch-Hood-Schlauchfolien | Kablonex\" \/>\n<meta property=\"og:description\" content=\"1.2\u00a0Stretch-Hood-Schlauchfolien Stretch-Hood ist ein hochelastisches Material, das in erster Phase mechanisch ausgedehnt wird. In zweiter Phase wird es auf die schutzbed\u00fcrftigen Ware appliziert, wobei es in die Anfangsgr\u00f6\u00dfe zur\u00fcck schrumpft und passt sich an die Form des gesch\u00fctzten Erzeugnisses an.\u00a0 Die Breite und St\u00e4rke der Folie ist kleiner als bei Schrumpfschlauchfolien. Stretch Hood garantiert eine [&hellip;]\" \/>\n<meta property=\"og:url\" content=\"https:\/\/kablonex.pl\/de\/folien-zur-sicherung-von-palettenladungen\/stretch-hood-schlauchfolien\/\" \/>\n<meta property=\"og:site_name\" content=\"Kablonex\" \/>\n<meta property=\"article:modified_time\" content=\"2018-03-12T10:54:35+00:00\" \/>\n<meta name=\"twitter:card\" content=\"summary_large_image\" \/>\n<meta name=\"twitter:label1\" content=\"Gesch\u00e4tzte Lesezeit\" \/>\n\t<meta name=\"twitter:data1\" content=\"2\u00a0Minuten\" \/>\n<script type=\"application\/ld+json\" class=\"yoast-schema-graph\">{\"@context\":\"https:\/\/schema.org\",\"@graph\":[{\"@type\":\"WebPage\",\"@id\":\"https:\/\/kablonex.pl\/de\/folien-zur-sicherung-von-palettenladungen\/stretch-hood-schlauchfolien\/\",\"url\":\"https:\/\/kablonex.pl\/de\/folien-zur-sicherung-von-palettenladungen\/stretch-hood-schlauchfolien\/\",\"name\":\"Stretch-Hood-Schlauchfolien | Kablonex\",\"isPartOf\":{\"@id\":\"https:\/\/kablonex.pl\/#website\"},\"datePublished\":\"2017-10-30T10:42:14+00:00\",\"dateModified\":\"2018-03-12T10:54:35+00:00\",\"breadcrumb\":{\"@id\":\"https:\/\/kablonex.pl\/de\/folien-zur-sicherung-von-palettenladungen\/stretch-hood-schlauchfolien\/#breadcrumb\"},\"inLanguage\":\"de\",\"potentialAction\":[{\"@type\":\"ReadAction\",\"target\":[\"https:\/\/kablonex.pl\/de\/folien-zur-sicherung-von-palettenladungen\/stretch-hood-schlauchfolien\/\"]}]},{\"@type\":\"BreadcrumbList\",\"@id\":\"https:\/\/kablonex.pl\/de\/folien-zur-sicherung-von-palettenladungen\/stretch-hood-schlauchfolien\/#breadcrumb\",\"itemListElement\":[{\"@type\":\"ListItem\",\"position\":1,\"name\":\"Strona g\u0142\u00f3wna\",\"item\":\"https:\/\/kablonex.pl\/de\/\"},{\"@type\":\"ListItem\",\"position\":2,\"name\":\"Folien zur Sicherung von Palettenladungen\",\"item\":\"https:\/\/kablonex.pl\/de\/folien-zur-sicherung-von-palettenladungen\/\"},{\"@type\":\"ListItem\",\"position\":3,\"name\":\"Stretch-Hood-Schlauchfolien\"}]},{\"@type\":\"WebSite\",\"@id\":\"https:\/\/kablonex.pl\/#website\",\"url\":\"https:\/\/kablonex.pl\/\",\"name\":\"Kablonex\",\"description\":\"Kablonex Folie doskona\u0142e\",\"potentialAction\":[{\"@type\":\"SearchAction\",\"target\":{\"@type\":\"EntryPoint\",\"urlTemplate\":\"https:\/\/kablonex.pl\/?s={search_term_string}\"},\"query-input\":{\"@type\":\"PropertyValueSpecification\",\"valueRequired\":true,\"valueName\":\"search_term_string\"}}],\"inLanguage\":\"de\"}]}<\/script>\n<!-- \/ Yoast SEO plugin. -->","yoast_head_json":{"title":"Stretch-Hood-Schlauchfolien | Kablonex","robots":{"index":"index","follow":"follow","max-snippet":"max-snippet:-1","max-image-preview":"max-image-preview:large","max-video-preview":"max-video-preview:-1"},"canonical":"https:\/\/kablonex.pl\/de\/folien-zur-sicherung-von-palettenladungen\/stretch-hood-schlauchfolien\/","og_locale":"de_DE","og_type":"article","og_title":"Stretch-Hood-Schlauchfolien | Kablonex","og_description":"1.2\u00a0Stretch-Hood-Schlauchfolien Stretch-Hood ist ein hochelastisches Material, das in erster Phase mechanisch ausgedehnt wird. In zweiter Phase wird es auf die schutzbed\u00fcrftigen Ware appliziert, wobei es in die Anfangsgr\u00f6\u00dfe zur\u00fcck schrumpft und passt sich an die Form des gesch\u00fctzten Erzeugnisses an.\u00a0 Die Breite und St\u00e4rke der Folie ist kleiner als bei Schrumpfschlauchfolien. Stretch Hood garantiert eine [&hellip;]","og_url":"https:\/\/kablonex.pl\/de\/folien-zur-sicherung-von-palettenladungen\/stretch-hood-schlauchfolien\/","og_site_name":"Kablonex","article_modified_time":"2018-03-12T10:54:35+00:00","twitter_card":"summary_large_image","twitter_misc":{"Gesch\u00e4tzte Lesezeit":"2\u00a0Minuten"},"schema":{"@context":"https:\/\/schema.org","@graph":[{"@type":"WebPage","@id":"https:\/\/kablonex.pl\/de\/folien-zur-sicherung-von-palettenladungen\/stretch-hood-schlauchfolien\/","url":"https:\/\/kablonex.pl\/de\/folien-zur-sicherung-von-palettenladungen\/stretch-hood-schlauchfolien\/","name":"Stretch-Hood-Schlauchfolien | Kablonex","isPartOf":{"@id":"https:\/\/kablonex.pl\/#website"},"datePublished":"2017-10-30T10:42:14+00:00","dateModified":"2018-03-12T10:54:35+00:00","breadcrumb":{"@id":"https:\/\/kablonex.pl\/de\/folien-zur-sicherung-von-palettenladungen\/stretch-hood-schlauchfolien\/#breadcrumb"},"inLanguage":"de","potentialAction":[{"@type":"ReadAction","target":["https:\/\/kablonex.pl\/de\/folien-zur-sicherung-von-palettenladungen\/stretch-hood-schlauchfolien\/"]}]},{"@type":"BreadcrumbList","@id":"https:\/\/kablonex.pl\/de\/folien-zur-sicherung-von-palettenladungen\/stretch-hood-schlauchfolien\/#breadcrumb","itemListElement":[{"@type":"ListItem","position":1,"name":"Strona g\u0142\u00f3wna","item":"https:\/\/kablonex.pl\/de\/"},{"@type":"ListItem","position":2,"name":"Folien zur Sicherung von Palettenladungen","item":"https:\/\/kablonex.pl\/de\/folien-zur-sicherung-von-palettenladungen\/"},{"@type":"ListItem","position":3,"name":"Stretch-Hood-Schlauchfolien"}]},{"@type":"WebSite","@id":"https:\/\/kablonex.pl\/#website","url":"https:\/\/kablonex.pl\/","name":"Kablonex","description":"Kablonex Folie doskona\u0142e","potentialAction":[{"@type":"SearchAction","target":{"@type":"EntryPoint","urlTemplate":"https:\/\/kablonex.pl\/?s={search_term_string}"},"query-input":{"@type":"PropertyValueSpecification","valueRequired":true,"valueName":"search_term_string"}}],"inLanguage":"de"}]}},"_links":{"self":[{"href":"https:\/\/kablonex.pl\/de\/wp-json\/wp\/v2\/pages\/1305","targetHints":{"allow":["GET"]}}],"collection":[{"href":"https:\/\/kablonex.pl\/de\/wp-json\/wp\/v2\/pages"}],"about":[{"href":"https:\/\/kablonex.pl\/de\/wp-json\/wp\/v2\/types\/page"}],"author":[{"embeddable":true,"href":"https:\/\/kablonex.pl\/de\/wp-json\/wp\/v2\/users\/1"}],"replies":[{"embeddable":true,"href":"https:\/\/kablonex.pl\/de\/wp-json\/wp\/v2\/comments?post=1305"}],"version-history":[{"count":6,"href":"https:\/\/kablonex.pl\/de\/wp-json\/wp\/v2\/pages\/1305\/revisions"}],"predecessor-version":[{"id":1884,"href":"https:\/\/kablonex.pl\/de\/wp-json\/wp\/v2\/pages\/1305\/revisions\/1884"}],"up":[{"embeddable":true,"href":"https:\/\/kablonex.pl\/de\/wp-json\/wp\/v2\/pages\/1289"}],"wp:attachment":[{"href":"https:\/\/kablonex.pl\/de\/wp-json\/wp\/v2\/media?parent=1305"}],"curies":[{"name":"wp","href":"https:\/\/api.w.org\/{rel}","templated":true}]}}