{"id":1171,"date":"2017-10-11T13:17:13","date_gmt":"2017-10-11T13:17:13","guid":{"rendered":"http:\/\/kablonex.pl\/wir-stellen-ein\/"},"modified":"2017-10-23T12:29:34","modified_gmt":"2017-10-23T12:29:34","slug":"wir-stellen-ein","status":"publish","type":"page","link":"https:\/\/kablonex.pl\/de\/wir-stellen-ein\/","title":{"rendered":"Wir stellen ein"},"content":{"rendered":"<p>[et_pb_section bb_built=&#8220;1&#8243; admin_label=&#8220;section&#8220;][et_pb_row admin_label=&#8220;Wiersz&#8220;][et_pb_column type=&#8220;4_4&#8243;][et_pb_slider admin_label=&#8220;Slider&#8220; show_arrows=&#8220;on&#8220; show_pagination=&#8220;on&#8220; auto=&#8220;on&#8220; auto_ignore_hover=&#8220;off&#8220; parallax=&#8220;off&#8220; parallax_method=&#8220;off&#8220; remove_inner_shadow=&#8220;off&#8220; background_position=&#8220;default&#8220; background_size=&#8220;default&#8220; hide_content_on_mobile=&#8220;off&#8220; hide_cta_on_mobile=&#8220;off&#8220; show_image_video_mobile=&#8220;off&#8220; custom_button=&#8220;off&#8220; button_letter_spacing=&#8220;0&#8243; button_use_icon=&#8220;default&#8220; button_icon_placement=&#8220;right&#8220; button_on_hover=&#8220;on&#8220; button_letter_spacing_hover=&#8220;0&#8243; auto_speed=&#8220;5000&#8243;] [et_pb_slide background_image=&#8220;http:\/\/kablonex.pl\/wp-content\/uploads\/2016\/07\/Zdj-park-maszynowy-3.jpg&#8220; background_position=&#8220;default&#8220; background_size=&#8220;default&#8220; background_color=&#8220;#ffffff&#8220; use_bg_overlay=&#8220;off&#8220; use_text_overlay=&#8220;off&#8220; alignment=&#8220;center&#8220; background_layout=&#8220;dark&#8220; allow_player_pause=&#8220;off&#8220; text_border_radius=&#8220;3&#8243; header_font_select=&#8220;default&#8220; header_font=&#8220;||||&#8220; body_font_select=&#8220;default&#8220; body_font=&#8220;||||&#8220; custom_button=&#8220;off&#8220; button_font_select=&#8220;default&#8220; button_font=&#8220;||||&#8220; button_use_icon=&#8220;default&#8220; button_icon_placement=&#8220;right&#8220; button_on_hover=&#8220;on&#8220; \/][et_pb_slide background_image=&#8220;http:\/\/kablonex.pl\/wp-content\/uploads\/2015\/12\/Zdj-o-firmie-3.jpg&#8220; background_position=&#8220;default&#8220; background_size=&#8220;default&#8220; background_color=&#8220;#ffffff&#8220; use_bg_overlay=&#8220;off&#8220; use_text_overlay=&#8220;off&#8220; alignment=&#8220;center&#8220; background_layout=&#8220;dark&#8220; allow_player_pause=&#8220;off&#8220; text_border_radius=&#8220;3&#8243; header_font_select=&#8220;default&#8220; header_font=&#8220;||||&#8220; body_font_select=&#8220;default&#8220; body_font=&#8220;||||&#8220; custom_button=&#8220;off&#8220; button_font_select=&#8220;default&#8220; button_font=&#8220;||||&#8220; button_use_icon=&#8220;default&#8220; button_icon_placement=&#8220;right&#8220; button_on_hover=&#8220;on&#8220; \/][et_pb_slide background_image=&#8220;http:\/\/kablonex.pl\/wp-content\/uploads\/2016\/06\/Zdj-nadruk-flekso.jpg&#8220; background_position=&#8220;default&#8220; background_size=&#8220;default&#8220; background_color=&#8220;#ffffff&#8220; use_bg_overlay=&#8220;off&#8220; use_text_overlay=&#8220;off&#8220; alignment=&#8220;center&#8220; background_layout=&#8220;dark&#8220; allow_player_pause=&#8220;off&#8220; text_border_radius=&#8220;3&#8243; header_font_select=&#8220;default&#8220; header_font=&#8220;||||&#8220; body_font_select=&#8220;default&#8220; body_font=&#8220;||||&#8220; custom_button=&#8220;off&#8220; button_font_select=&#8220;default&#8220; button_font=&#8220;||||&#8220; button_use_icon=&#8220;default&#8220; button_icon_placement=&#8220;right&#8220; button_on_hover=&#8220;on&#8220; \/][et_pb_slide background_position=&#8220;bottom_center&#8220; background_size=&#8220;default&#8220; background_color=&#8220;#ffffff&#8220; use_bg_overlay=&#8220;off&#8220; use_text_overlay=&#8220;off&#8220; alignment=&#8220;center&#8220; background_layout=&#8220;dark&#8220; allow_player_pause=&#8220;off&#8220; text_border_radius=&#8220;3&#8243; header_font_select=&#8220;default&#8220; header_font=&#8220;||||&#8220; body_font_select=&#8220;default&#8220; body_font=&#8220;||||&#8220; custom_button=&#8220;off&#8220; button_font_select=&#8220;default&#8220; button_font=&#8220;||||&#8220; button_use_icon=&#8220;default&#8220; button_icon_placement=&#8220;right&#8220; button_on_hover=&#8220;on&#8220; background_image=&#8220;http:\/\/kablonex.pl\/wp-content\/uploads\/2016\/06\/Zdj-o-nas.jpg&#8220; \/] [\/et_pb_slider][\/et_pb_column][et_pb_column type=&#8220;4_4&#8243;][et_pb_post_title admin_label=&#8220;Tytu\u0142 posta&#8220; title=&#8220;on&#8220; meta=&#8220;on&#8220; author=&#8220;off&#8220; date=&#8220;on&#8220; categories=&#8220;on&#8220; comments=&#8220;on&#8220; featured_image=&#8220;on&#8220; featured_placement=&#8220;below&#8220; parallax_effect=&#8220;off&#8220; parallax_method=&#8220;on&#8220; text_orientation=&#8220;left&#8220; text_color=&#8220;dark&#8220; text_background=&#8220;off&#8220; text_bg_color=&#8220;rgba(255,255,255,0.9)&#8220; use_border_color=&#8220;off&#8220; border_color=&#8220;#ffffff&#8220; border_style=&#8220;solid&#8220; date_format=&#8220;j F Y&#8220; \/][\/et_pb_column][\/et_pb_row][et_pb_row admin_label=&#8220;row&#8220;][et_pb_column type=&#8220;1_2&#8243;][et_pb_image admin_label=&#8220;Praca w Kablonex&#8220; src=&#8220;http:\/\/kablonex.pl\/wp-content\/uploads\/2017\/09\/work-ok.jpeg&#8220; custom_css_main_element=&#8220;min-height:500px;&#8220; \/][\/et_pb_column][et_pb_column type=&#8220;1_2&#8243;][et_pb_text admin_label=&#8220;Tekst&#8220; background_layout=&#8220;light&#8220; text_orientation=&#8220;left&#8220; use_border_color=&#8220;off&#8220; border_color=&#8220;#ffffff&#8220; border_style=&#8220;solid&#8220;]<\/p>\n<p>Derzeit suchen wir Mitarbeiter f\u00fcr folgende Stellen:<\/p>\n<ul>\n<li>Handelsvertreter f\u00fcr das Gebiet Deutschland<\/li>\n<li>Extruder Betreiber<\/li>\n<li>Betreiber der Schwei\u00dfmaschinen<\/li>\n<li>Druckerhelfer<\/li>\n<li>Elektro-Automatiker<\/li>\n<\/ul>\n<p>Wenn <em>Sie in einem dynamischen<\/em> und motivierten <em>Team arbeiten m\u00f6chten, s<\/em>chreiben Sie uns: <a href=\"mailto:kadry@kablonex.com.pl\">kadry@kablonex.com.pl<\/a><\/p>\n<p>[\/et_pb_text][\/et_pb_column][\/et_pb_row][\/et_pb_section]<\/p>\n","protected":false},"excerpt":{"rendered":"<p>Derzeit suchen wir Mitarbeiter f\u00fcr folgende Stellen: Handelsvertreter f\u00fcr das Gebiet Deutschland Extruder Betreiber Betreiber der Schwei\u00dfmaschinen Druckerhelfer Elektro-Automatiker Wenn Sie in einem dynamischen und motivierten Team arbeiten m\u00f6chten, schreiben Sie uns: kadry@kablonex.com.pl<\/p>\n","protected":false},"author":1,"featured_media":0,"parent":0,"menu_order":0,"comment_status":"closed","ping_status":"closed","template":"","meta":{"_et_pb_use_builder":"on","_et_pb_old_content":"","_et_gb_content_width":"","footnotes":""},"class_list":["post-1171","page","type-page","status-publish","hentry"],"yoast_head":"<!-- This site is optimized with the Yoast SEO plugin v26.8 - https:\/\/yoast.com\/product\/yoast-seo-wordpress\/ -->\n<title>Wir stellen ein | Kablonex<\/title>\n<meta name=\"robots\" content=\"index, follow, max-snippet:-1, max-image-preview:large, max-video-preview:-1\" \/>\n<link rel=\"canonical\" href=\"https:\/\/kablonex.pl\/de\/wir-stellen-ein\/\" \/>\n<meta property=\"og:locale\" content=\"de_DE\" \/>\n<meta property=\"og:type\" content=\"article\" \/>\n<meta property=\"og:title\" content=\"Wir stellen ein | Kablonex\" \/>\n<meta property=\"og:description\" content=\"Derzeit suchen wir Mitarbeiter f\u00fcr folgende Stellen: Handelsvertreter f\u00fcr das Gebiet Deutschland Extruder Betreiber Betreiber der Schwei\u00dfmaschinen Druckerhelfer Elektro-Automatiker Wenn Sie in einem dynamischen und motivierten Team arbeiten m\u00f6chten, schreiben Sie uns: kadry@kablonex.com.pl\" \/>\n<meta property=\"og:url\" content=\"https:\/\/kablonex.pl\/de\/wir-stellen-ein\/\" \/>\n<meta property=\"og:site_name\" content=\"Kablonex\" \/>\n<meta property=\"article:modified_time\" content=\"2017-10-23T12:29:34+00:00\" \/>\n<meta name=\"twitter:card\" content=\"summary_large_image\" \/>\n<meta name=\"twitter:label1\" content=\"Gesch\u00e4tzte Lesezeit\" \/>\n\t<meta name=\"twitter:data1\" content=\"3\u00a0Minuten\" \/>\n<script type=\"application\/ld+json\" class=\"yoast-schema-graph\">{\"@context\":\"https:\/\/schema.org\",\"@graph\":[{\"@type\":\"WebPage\",\"@id\":\"https:\/\/kablonex.pl\/de\/wir-stellen-ein\/\",\"url\":\"https:\/\/kablonex.pl\/de\/wir-stellen-ein\/\",\"name\":\"Wir stellen ein | Kablonex\",\"isPartOf\":{\"@id\":\"https:\/\/kablonex.pl\/#website\"},\"datePublished\":\"2017-10-11T13:17:13+00:00\",\"dateModified\":\"2017-10-23T12:29:34+00:00\",\"breadcrumb\":{\"@id\":\"https:\/\/kablonex.pl\/de\/wir-stellen-ein\/#breadcrumb\"},\"inLanguage\":\"de\",\"potentialAction\":[{\"@type\":\"ReadAction\",\"target\":[\"https:\/\/kablonex.pl\/de\/wir-stellen-ein\/\"]}]},{\"@type\":\"BreadcrumbList\",\"@id\":\"https:\/\/kablonex.pl\/de\/wir-stellen-ein\/#breadcrumb\",\"itemListElement\":[{\"@type\":\"ListItem\",\"position\":1,\"name\":\"Strona g\u0142\u00f3wna\",\"item\":\"https:\/\/kablonex.pl\/de\/\"},{\"@type\":\"ListItem\",\"position\":2,\"name\":\"Wir stellen ein\"}]},{\"@type\":\"WebSite\",\"@id\":\"https:\/\/kablonex.pl\/#website\",\"url\":\"https:\/\/kablonex.pl\/\",\"name\":\"Kablonex\",\"description\":\"Kablonex Folie doskona\u0142e\",\"potentialAction\":[{\"@type\":\"SearchAction\",\"target\":{\"@type\":\"EntryPoint\",\"urlTemplate\":\"https:\/\/kablonex.pl\/?s={search_term_string}\"},\"query-input\":{\"@type\":\"PropertyValueSpecification\",\"valueRequired\":true,\"valueName\":\"search_term_string\"}}],\"inLanguage\":\"de\"}]}<\/script>\n<!-- \/ Yoast SEO plugin. -->","yoast_head_json":{"title":"Wir stellen ein | Kablonex","robots":{"index":"index","follow":"follow","max-snippet":"max-snippet:-1","max-image-preview":"max-image-preview:large","max-video-preview":"max-video-preview:-1"},"canonical":"https:\/\/kablonex.pl\/de\/wir-stellen-ein\/","og_locale":"de_DE","og_type":"article","og_title":"Wir stellen ein | Kablonex","og_description":"Derzeit suchen wir Mitarbeiter f\u00fcr folgende Stellen: Handelsvertreter f\u00fcr das Gebiet Deutschland Extruder Betreiber Betreiber der Schwei\u00dfmaschinen Druckerhelfer Elektro-Automatiker Wenn Sie in einem dynamischen und motivierten Team arbeiten m\u00f6chten, schreiben Sie uns: kadry@kablonex.com.pl","og_url":"https:\/\/kablonex.pl\/de\/wir-stellen-ein\/","og_site_name":"Kablonex","article_modified_time":"2017-10-23T12:29:34+00:00","twitter_card":"summary_large_image","twitter_misc":{"Gesch\u00e4tzte Lesezeit":"3\u00a0Minuten"},"schema":{"@context":"https:\/\/schema.org","@graph":[{"@type":"WebPage","@id":"https:\/\/kablonex.pl\/de\/wir-stellen-ein\/","url":"https:\/\/kablonex.pl\/de\/wir-stellen-ein\/","name":"Wir stellen ein | Kablonex","isPartOf":{"@id":"https:\/\/kablonex.pl\/#website"},"datePublished":"2017-10-11T13:17:13+00:00","dateModified":"2017-10-23T12:29:34+00:00","breadcrumb":{"@id":"https:\/\/kablonex.pl\/de\/wir-stellen-ein\/#breadcrumb"},"inLanguage":"de","potentialAction":[{"@type":"ReadAction","target":["https:\/\/kablonex.pl\/de\/wir-stellen-ein\/"]}]},{"@type":"BreadcrumbList","@id":"https:\/\/kablonex.pl\/de\/wir-stellen-ein\/#breadcrumb","itemListElement":[{"@type":"ListItem","position":1,"name":"Strona g\u0142\u00f3wna","item":"https:\/\/kablonex.pl\/de\/"},{"@type":"ListItem","position":2,"name":"Wir stellen ein"}]},{"@type":"WebSite","@id":"https:\/\/kablonex.pl\/#website","url":"https:\/\/kablonex.pl\/","name":"Kablonex","description":"Kablonex Folie doskona\u0142e","potentialAction":[{"@type":"SearchAction","target":{"@type":"EntryPoint","urlTemplate":"https:\/\/kablonex.pl\/?s={search_term_string}"},"query-input":{"@type":"PropertyValueSpecification","valueRequired":true,"valueName":"search_term_string"}}],"inLanguage":"de"}]}},"_links":{"self":[{"href":"https:\/\/kablonex.pl\/de\/wp-json\/wp\/v2\/pages\/1171","targetHints":{"allow":["GET"]}}],"collection":[{"href":"https:\/\/kablonex.pl\/de\/wp-json\/wp\/v2\/pages"}],"about":[{"href":"https:\/\/kablonex.pl\/de\/wp-json\/wp\/v2\/types\/page"}],"author":[{"embeddable":true,"href":"https:\/\/kablonex.pl\/de\/wp-json\/wp\/v2\/users\/1"}],"replies":[{"embeddable":true,"href":"https:\/\/kablonex.pl\/de\/wp-json\/wp\/v2\/comments?post=1171"}],"version-history":[{"count":7,"href":"https:\/\/kablonex.pl\/de\/wp-json\/wp\/v2\/pages\/1171\/revisions"}],"predecessor-version":[{"id":1253,"href":"https:\/\/kablonex.pl\/de\/wp-json\/wp\/v2\/pages\/1171\/revisions\/1253"}],"wp:attachment":[{"href":"https:\/\/kablonex.pl\/de\/wp-json\/wp\/v2\/media?parent=1171"}],"curies":[{"name":"wp","href":"https:\/\/api.w.org\/{rel}","templated":true}]}}