{"id":1129,"date":"2017-10-09T09:28:19","date_gmt":"2017-10-09T09:28:19","guid":{"rendered":"http:\/\/kablonex.pl\/unternehmen\/"},"modified":"2019-08-22T12:53:26","modified_gmt":"2019-08-22T11:53:26","slug":"unternehmen","status":"publish","type":"page","link":"https:\/\/kablonex.pl\/de\/unternehmen\/","title":{"rendered":"Unternehmen"},"content":{"rendered":"<p>[et_pb_section fb_built=&#8220;1&#8243; admin_label=&#8220;Sekcja&#8220; _builder_version=&#8220;3.22&#8243; fb_built=&#8220;1&#8243; _i=&#8220;0&#8243; _address=&#8220;0&#8243;][et_pb_row _builder_version=&#8220;3.25&#8243; background_size=&#8220;initial&#8220; background_position=&#8220;top_left&#8220; background_repeat=&#8220;repeat&#8220; _i=&#8220;0&#8243; _address=&#8220;0.0&#8243; column_structure=&#8220;1_2,1_2&#8243;][et_pb_column type=&#8220;1_2&#8243; _builder_version=&#8220;3.25&#8243; custom_padding=&#8220;|||&#8220; _i=&#8220;0&#8243; _address=&#8220;0.0.0&#8243; custom_padding__hover=&#8220;|||&#8220;][et_pb_image src=&#8220;http:\/\/kablonex.pl\/wp-content\/uploads\/2017\/04\/IMG-41.jpg&#8220; align_tablet=&#8220;center&#8220; align_last_edited=&#8220;on|desktop&#8220; _builder_version=&#8220;3.23&#8243; animation_style=&#8220;slide&#8220; animation_direction=&#8220;left&#8220; animation_duration=&#8220;500ms&#8220; animation_intensity_slide=&#8220;10%&#8220; _i=&#8220;0&#8243; _address=&#8220;0.0.0.0&#8243;][\/et_pb_image][\/et_pb_column][et_pb_column type=&#8220;1_2&#8243; _builder_version=&#8220;3.25&#8243; custom_padding=&#8220;|||&#8220; _i=&#8220;1&#8243; _address=&#8220;0.0.1&#8243; custom_padding__hover=&#8220;|||&#8220;][et_pb_image src=&#8220;http:\/\/kablonex.pl\/wp-content\/uploads\/2017\/04\/firma-zd1.jpg&#8220; align_tablet=&#8220;center&#8220; align_last_edited=&#8220;on|desktop&#8220; _builder_version=&#8220;3.23&#8243; animation_style=&#8220;slide&#8220; animation_direction=&#8220;left&#8220; animation_duration=&#8220;500ms&#8220; animation_intensity_slide=&#8220;10%&#8220; _i=&#8220;0&#8243; _address=&#8220;0.0.1.0&#8243;][\/et_pb_image][\/et_pb_column][\/et_pb_row][et_pb_row padding_mobile=&#8220;off&#8220; column_padding_mobile=&#8220;on&#8220; admin_label=&#8220;Wiersz&#8220; module_class=&#8220; et_pb_row_fullwidth&#8220; _builder_version=&#8220;3.25&#8243; background_size=&#8220;initial&#8220; background_position=&#8220;top_left&#8220; background_repeat=&#8220;repeat&#8220; width=&#8220;86%&#8220; width_tablet=&#8220;80%&#8220; width_last_edited=&#8220;on|desktop&#8220; max_width=&#8220;86%&#8220; max_width_tablet=&#8220;80%&#8220; max_width_last_edited=&#8220;on|desktop&#8220; make_fullwidth=&#8220;on&#8220; _i=&#8220;1&#8243; _address=&#8220;0.1&#8243; column_structure=&#8220;1_4,3_4&#8243;][et_pb_column type=&#8220;1_4&#8243; _builder_version=&#8220;3.25&#8243; custom_padding=&#8220;|||&#8220; column_padding_mobile=&#8220;on&#8220; _i=&#8220;0&#8243; _address=&#8220;0.1.0&#8243; custom_padding__hover=&#8220;|||&#8220;][et_pb_text _builder_version=&#8220;3.0.74&#8243; background_size=&#8220;initial&#8220; background_position=&#8220;top_left&#8220; background_repeat=&#8220;repeat&#8220; _i=&#8220;0&#8243; _address=&#8220;0.1.0.0&#8243;]<\/p>\n<p style=\"text-align: right;\">Unternehmen<\/p>\n<p>[\/et_pb_text][\/et_pb_column][et_pb_column type=&#8220;3_4&#8243; _builder_version=&#8220;3.25&#8243; custom_padding=&#8220;|||&#8220; column_padding_mobile=&#8220;on&#8220; _i=&#8220;1&#8243; _address=&#8220;0.1.1&#8243; custom_padding__hover=&#8220;|||&#8220;][et_pb_text admin_label=&#8220;Tekst&#8220; _builder_version=&#8220;3.0.74&#8243; background_size=&#8220;initial&#8220; background_position=&#8220;top_left&#8220; background_repeat=&#8220;repeat&#8220; _i=&#8220;0&#8243; _address=&#8220;0.1.1.0&#8243;]<\/p>\n<p>Die Firma Kablonex Sp. z o.o. gegr\u00fcndet 1971, ist ein familiengef\u00fchrtes Unternehmen mit ausschlie\u00dflich polnischem Kapital. Die dynamische Entwicklung, erfahrenes Team und konsequente Umsetzung der Ziele haben dazu gef\u00fchrt, dass wir heute der f\u00fchrenden Hersteller von Polyethylen Folien in Polen sind. Seit der Gr\u00fcndung hat sich viel ge\u00e4ndert: die Bed\u00fcrfnisse der Kunden, der Markt, die Technologien. Die Zeit erwies sich als unser bester Verb\u00fcndeter. Ein kleines Unternehmen, das Kablonex vor 40 Jahren war, ist heute Unternehmen mit einer etablierten Position auf dem Markt der Kunstoffverpackungen. Kablonex verf\u00fcgt \u00fcber einen modernen Maschinenpark, sowie von \u00fcber 120 Mitarbeitern. Wir achten besonders auf eine langfristige und vertrauensvolle Partnerschaft mit unseren Kunden. Unser Angebot ist dadurch gekennzeichnet, dass wir jeden Kunden und seine W\u00fcnsche individuell und professionell betrachten. Wir kooperieren mit den gro\u00dfen Konzernen, wie auch mit kleinen und mittleren Unternehmen. Derzeit verarbeiten wir 1500 Tonnen von Polyethylen pro Monat, erweitern st\u00e4ndig unsere Produktpalette und vergr\u00f6\u00dfern pausenlos unsere Produktionskapazit\u00e4ten.<\/p>\n<p>[\/et_pb_text][\/et_pb_column][\/et_pb_row][\/et_pb_section][et_pb_section fb_built=&#8220;1&#8243; admin_label=&#8220;Sekcja&#8220; _builder_version=&#8220;3.22&#8243; fb_built=&#8220;1&#8243; _i=&#8220;1&#8243; _address=&#8220;1&#8243;][et_pb_row admin_label=&#8220;Wiersz&#8220; _builder_version=&#8220;3.25&#8243; background_size=&#8220;initial&#8220; background_position=&#8220;top_left&#8220; background_repeat=&#8220;repeat&#8220; _i=&#8220;0&#8243; _address=&#8220;1.0&#8243;][et_pb_column type=&#8220;4_4&#8243; _builder_version=&#8220;3.25&#8243; custom_padding=&#8220;|||&#8220; _i=&#8220;0&#8243; _address=&#8220;1.0.0&#8243; custom_padding__hover=&#8220;|||&#8220;][et_pb_gallery gallery_ids=&#8220;511,512,552&#8243; show_title_and_caption=&#8220;off&#8220; show_pagination=&#8220;off&#8220; admin_label=&#8220;Galeria&#8220; _builder_version=&#8220;3.0.47&#8243; _i=&#8220;0&#8243; _address=&#8220;1.0.0.0&#8243;][\/et_pb_gallery][\/et_pb_column][\/et_pb_row][\/et_pb_section]<\/p>\n","protected":false},"excerpt":{"rendered":"<p>Unternehmen Die Firma Kablonex Sp. z o.o. gegr\u00fcndet 1971, ist ein familiengef\u00fchrtes Unternehmen mit ausschlie\u00dflich polnischem Kapital. Die dynamische Entwicklung, erfahrenes Team und konsequente Umsetzung der Ziele haben dazu gef\u00fchrt, dass wir heute der f\u00fchrenden Hersteller von Polyethylen Folien in Polen sind. Seit der Gr\u00fcndung hat sich viel ge\u00e4ndert: die Bed\u00fcrfnisse der Kunden, der Markt, [&hellip;]<\/p>\n","protected":false},"author":1,"featured_media":0,"parent":0,"menu_order":0,"comment_status":"closed","ping_status":"closed","template":"","meta":{"_et_pb_use_builder":"on","_et_pb_old_content":"","_et_gb_content_width":"","footnotes":""},"class_list":["post-1129","page","type-page","status-publish","hentry"],"yoast_head":"<!-- This site is optimized with the Yoast SEO plugin v26.8 - https:\/\/yoast.com\/product\/yoast-seo-wordpress\/ -->\n<title>Unternehmen | Kablonex<\/title>\n<meta name=\"robots\" content=\"index, follow, max-snippet:-1, max-image-preview:large, max-video-preview:-1\" \/>\n<link rel=\"canonical\" href=\"https:\/\/kablonex.pl\/de\/unternehmen\/\" \/>\n<meta property=\"og:locale\" content=\"de_DE\" \/>\n<meta property=\"og:type\" content=\"article\" \/>\n<meta property=\"og:title\" content=\"Unternehmen | Kablonex\" \/>\n<meta property=\"og:description\" content=\"Unternehmen Die Firma Kablonex Sp. z o.o. gegr\u00fcndet 1971, ist ein familiengef\u00fchrtes Unternehmen mit ausschlie\u00dflich polnischem Kapital. Die dynamische Entwicklung, erfahrenes Team und konsequente Umsetzung der Ziele haben dazu gef\u00fchrt, dass wir heute der f\u00fchrenden Hersteller von Polyethylen Folien in Polen sind. Seit der Gr\u00fcndung hat sich viel ge\u00e4ndert: die Bed\u00fcrfnisse der Kunden, der Markt, [&hellip;]\" \/>\n<meta property=\"og:url\" content=\"https:\/\/kablonex.pl\/de\/unternehmen\/\" \/>\n<meta property=\"og:site_name\" content=\"Kablonex\" \/>\n<meta property=\"article:modified_time\" content=\"2019-08-22T11:53:26+00:00\" \/>\n<meta name=\"twitter:card\" content=\"summary_large_image\" \/>\n<meta name=\"twitter:label1\" content=\"Gesch\u00e4tzte Lesezeit\" \/>\n\t<meta name=\"twitter:data1\" content=\"3\u00a0Minuten\" \/>\n<script type=\"application\/ld+json\" class=\"yoast-schema-graph\">{\"@context\":\"https:\/\/schema.org\",\"@graph\":[{\"@type\":\"WebPage\",\"@id\":\"https:\/\/kablonex.pl\/de\/unternehmen\/\",\"url\":\"https:\/\/kablonex.pl\/de\/unternehmen\/\",\"name\":\"Unternehmen | Kablonex\",\"isPartOf\":{\"@id\":\"https:\/\/kablonex.pl\/#website\"},\"datePublished\":\"2017-10-09T09:28:19+00:00\",\"dateModified\":\"2019-08-22T11:53:26+00:00\",\"breadcrumb\":{\"@id\":\"https:\/\/kablonex.pl\/de\/unternehmen\/#breadcrumb\"},\"inLanguage\":\"de\",\"potentialAction\":[{\"@type\":\"ReadAction\",\"target\":[\"https:\/\/kablonex.pl\/de\/unternehmen\/\"]}]},{\"@type\":\"BreadcrumbList\",\"@id\":\"https:\/\/kablonex.pl\/de\/unternehmen\/#breadcrumb\",\"itemListElement\":[{\"@type\":\"ListItem\",\"position\":1,\"name\":\"Strona g\u0142\u00f3wna\",\"item\":\"https:\/\/kablonex.pl\/de\/\"},{\"@type\":\"ListItem\",\"position\":2,\"name\":\"Unternehmen\"}]},{\"@type\":\"WebSite\",\"@id\":\"https:\/\/kablonex.pl\/#website\",\"url\":\"https:\/\/kablonex.pl\/\",\"name\":\"Kablonex\",\"description\":\"Kablonex Folie doskona\u0142e\",\"potentialAction\":[{\"@type\":\"SearchAction\",\"target\":{\"@type\":\"EntryPoint\",\"urlTemplate\":\"https:\/\/kablonex.pl\/?s={search_term_string}\"},\"query-input\":{\"@type\":\"PropertyValueSpecification\",\"valueRequired\":true,\"valueName\":\"search_term_string\"}}],\"inLanguage\":\"de\"}]}<\/script>\n<!-- \/ Yoast SEO plugin. -->","yoast_head_json":{"title":"Unternehmen | Kablonex","robots":{"index":"index","follow":"follow","max-snippet":"max-snippet:-1","max-image-preview":"max-image-preview:large","max-video-preview":"max-video-preview:-1"},"canonical":"https:\/\/kablonex.pl\/de\/unternehmen\/","og_locale":"de_DE","og_type":"article","og_title":"Unternehmen | Kablonex","og_description":"Unternehmen Die Firma Kablonex Sp. z o.o. gegr\u00fcndet 1971, ist ein familiengef\u00fchrtes Unternehmen mit ausschlie\u00dflich polnischem Kapital. Die dynamische Entwicklung, erfahrenes Team und konsequente Umsetzung der Ziele haben dazu gef\u00fchrt, dass wir heute der f\u00fchrenden Hersteller von Polyethylen Folien in Polen sind. Seit der Gr\u00fcndung hat sich viel ge\u00e4ndert: die Bed\u00fcrfnisse der Kunden, der Markt, [&hellip;]","og_url":"https:\/\/kablonex.pl\/de\/unternehmen\/","og_site_name":"Kablonex","article_modified_time":"2019-08-22T11:53:26+00:00","twitter_card":"summary_large_image","twitter_misc":{"Gesch\u00e4tzte Lesezeit":"3\u00a0Minuten"},"schema":{"@context":"https:\/\/schema.org","@graph":[{"@type":"WebPage","@id":"https:\/\/kablonex.pl\/de\/unternehmen\/","url":"https:\/\/kablonex.pl\/de\/unternehmen\/","name":"Unternehmen | Kablonex","isPartOf":{"@id":"https:\/\/kablonex.pl\/#website"},"datePublished":"2017-10-09T09:28:19+00:00","dateModified":"2019-08-22T11:53:26+00:00","breadcrumb":{"@id":"https:\/\/kablonex.pl\/de\/unternehmen\/#breadcrumb"},"inLanguage":"de","potentialAction":[{"@type":"ReadAction","target":["https:\/\/kablonex.pl\/de\/unternehmen\/"]}]},{"@type":"BreadcrumbList","@id":"https:\/\/kablonex.pl\/de\/unternehmen\/#breadcrumb","itemListElement":[{"@type":"ListItem","position":1,"name":"Strona g\u0142\u00f3wna","item":"https:\/\/kablonex.pl\/de\/"},{"@type":"ListItem","position":2,"name":"Unternehmen"}]},{"@type":"WebSite","@id":"https:\/\/kablonex.pl\/#website","url":"https:\/\/kablonex.pl\/","name":"Kablonex","description":"Kablonex Folie doskona\u0142e","potentialAction":[{"@type":"SearchAction","target":{"@type":"EntryPoint","urlTemplate":"https:\/\/kablonex.pl\/?s={search_term_string}"},"query-input":{"@type":"PropertyValueSpecification","valueRequired":true,"valueName":"search_term_string"}}],"inLanguage":"de"}]}},"_links":{"self":[{"href":"https:\/\/kablonex.pl\/de\/wp-json\/wp\/v2\/pages\/1129","targetHints":{"allow":["GET"]}}],"collection":[{"href":"https:\/\/kablonex.pl\/de\/wp-json\/wp\/v2\/pages"}],"about":[{"href":"https:\/\/kablonex.pl\/de\/wp-json\/wp\/v2\/types\/page"}],"author":[{"embeddable":true,"href":"https:\/\/kablonex.pl\/de\/wp-json\/wp\/v2\/users\/1"}],"replies":[{"embeddable":true,"href":"https:\/\/kablonex.pl\/de\/wp-json\/wp\/v2\/comments?post=1129"}],"version-history":[{"count":6,"href":"https:\/\/kablonex.pl\/de\/wp-json\/wp\/v2\/pages\/1129\/revisions"}],"predecessor-version":[{"id":1977,"href":"https:\/\/kablonex.pl\/de\/wp-json\/wp\/v2\/pages\/1129\/revisions\/1977"}],"wp:attachment":[{"href":"https:\/\/kablonex.pl\/de\/wp-json\/wp\/v2\/media?parent=1129"}],"curies":[{"name":"wp","href":"https:\/\/api.w.org\/{rel}","templated":true}]}}